{"id":4382,"date":"2025-05-08T15:33:18","date_gmt":"2025-05-08T12:33:18","guid":{"rendered":"https:\/\/kerdangold.com\/product\/anneau-brillant-a-quatre-larges-bords\/"},"modified":"2025-05-08T15:33:18","modified_gmt":"2025-05-08T12:33:18","slug":"anneau-brillant-a-quatre-larges-bords","status":"publish","type":"product","link":"https:\/\/kerdangold.com\/fr\/produit\/anneau-brillant-a-quatre-larges-bords\/","title":{"rendered":"Anneau brillant \u00e0 quatre larges bords"},"content":{"rendered":"<p>Quatre agates rouges naturelles brillantes sur une large bague en argent italien 925, pleine d&rsquo;\u00e9l\u00e9gance et de naturel, bague en argent unique faite \u00e0 la main qui refl\u00e8te une personnalit\u00e9 unique<\/p>\n","protected":false},"excerpt":{"rendered":"<p>Quatre agates rouges naturelles brillantes sur une large bague en argent italien 925, pleine d&rsquo;\u00e9l\u00e9gance et de naturel, bague en argent unique faite \u00e0 la&#8230;<\/p>\n","protected":false},"featured_media":5217,"comment_status":"open","ping_status":"closed","template":"","meta":[],"etheme_brands":[],"product_brand":[],"product_cat":[145,190,135,134,148,147,172,160,146],"product_tag":[140,174],"class_list":{"0":"post-4382","1":"product","2":"type-product","3":"status-publish","4":"has-post-thumbnail","6":"product_cat-anniversaire","7":"product_cat-collection-dete","8":"product_cat-kardhan-hammerhead","9":"product_cat-kardhan-silver","10":"product_cat-les-essentiels-du-quotidien","11":"product_cat-looks-de-vacances-fr","12":"product_cat-mariage","13":"product_cat-soiree-en-amoureux","14":"product_cat-looks-de-vacances","15":"product_tag-bague","16":"product_tag-best-seller-fr","18":"first","19":"instock","20":"shipping-taxable","21":"purchasable","22":"product-type-simple"},"pure_taxonomies":{"product_cat":[{"term_id":145,"name":"Anniversaire","slug":"anniversaire","term_group":0,"term_taxonomy_id":145,"taxonomy":"product_cat","description":"","parent":0,"count":57,"filter":"raw","image":""},{"term_id":190,"name":"collection d'\u00e9t\u00e9","slug":"collection-dete","term_group":0,"term_taxonomy_id":190,"taxonomy":"product_cat","description":"","parent":0,"count":37,"filter":"raw","image":""},{"term_id":135,"name":"Kardhan Hammerhead","slug":"kardhan-hammerhead","term_group":0,"term_taxonomy_id":135,"taxonomy":"product_cat","description":"","parent":0,"count":43,"filter":"raw","image":""},{"term_id":134,"name":"Kardhan Silver","slug":"kardhan-silver","term_group":0,"term_taxonomy_id":134,"taxonomy":"product_cat","description":"","parent":0,"count":59,"filter":"raw","image":""},{"term_id":148,"name":"Les essentiels du quotidien","slug":"les-essentiels-du-quotidien","term_group":0,"term_taxonomy_id":148,"taxonomy":"product_cat","description":"","parent":0,"count":57,"filter":"raw","image":""},{"term_id":147,"name":"Looks de vacances","slug":"looks-de-vacances-fr","term_group":0,"term_taxonomy_id":147,"taxonomy":"product_cat","description":"","parent":0,"count":56,"filter":"raw","image":""},{"term_id":172,"name":"Mariage","slug":"mariage","term_group":0,"term_taxonomy_id":172,"taxonomy":"product_cat","description":"","parent":0,"count":8,"filter":"raw","image":""},{"term_id":160,"name":"Soir\u00e9e en amoureux","slug":"soiree-en-amoureux","term_group":0,"term_taxonomy_id":160,"taxonomy":"product_cat","description":"","parent":0,"count":21,"filter":"raw","image":""},{"term_id":146,"name":"Week-end de vacances \u00e0 la maison","slug":"looks-de-vacances","term_group":0,"term_taxonomy_id":146,"taxonomy":"product_cat","description":"","parent":0,"count":51,"filter":"raw","image":""}],"product_tag":[{"term_id":140,"name":"Bague","slug":"bague","term_group":0,"term_taxonomy_id":140,"taxonomy":"product_tag","description":"","parent":0,"count":16,"filter":"raw","image":""},{"term_id":174,"name":"best-seller","slug":"best-seller-fr","term_group":0,"term_taxonomy_id":174,"taxonomy":"product_tag","description":"","parent":0,"count":22,"filter":"raw","image":""}]},"_links":{"self":[{"href":"https:\/\/kerdangold.com\/fr\/wp-json\/wp\/v2\/product\/4382","targetHints":{"allow":["GET"]}}],"collection":[{"href":"https:\/\/kerdangold.com\/fr\/wp-json\/wp\/v2\/product"}],"about":[{"href":"https:\/\/kerdangold.com\/fr\/wp-json\/wp\/v2\/types\/product"}],"replies":[{"embeddable":true,"href":"https:\/\/kerdangold.com\/fr\/wp-json\/wp\/v2\/comments?post=4382"}],"version-history":[{"count":0,"href":"https:\/\/kerdangold.com\/fr\/wp-json\/wp\/v2\/product\/4382\/revisions"}],"wp:featuredmedia":[{"embeddable":true,"href":"https:\/\/kerdangold.com\/fr\/wp-json\/wp\/v2\/media\/5217"}],"wp:attachment":[{"href":"https:\/\/kerdangold.com\/fr\/wp-json\/wp\/v2\/media?parent=4382"}],"wp:term":[{"taxonomy":"brand","embeddable":true,"href":"https:\/\/kerdangold.com\/fr\/wp-json\/wp\/v2\/etheme_brands?post=4382"},{"taxonomy":"product_brand","embeddable":true,"href":"https:\/\/kerdangold.com\/fr\/wp-json\/wp\/v2\/product_brand?post=4382"},{"taxonomy":"product_cat","embeddable":true,"href":"https:\/\/kerdangold.com\/fr\/wp-json\/wp\/v2\/product_cat?post=4382"},{"taxonomy":"product_tag","embeddable":true,"href":"https:\/\/kerdangold.com\/fr\/wp-json\/wp\/v2\/product_tag?post=4382"}],"curies":[{"name":"wp","href":"https:\/\/api.w.org\/{rel}","templated":true}]}}