{"id":4375,"date":"2025-05-07T22:28:46","date_gmt":"2025-05-07T19:28:46","guid":{"rendered":"https:\/\/kerdangold.com\/product\/collier-lotus-egyptien-en-argent\/"},"modified":"2025-05-07T22:28:46","modified_gmt":"2025-05-07T19:28:46","slug":"collier-lotus-egyptien-en-argent","status":"publish","type":"product","link":"https:\/\/kerdangold.com\/fr\/produit\/collier-lotus-egyptien-en-argent\/","title":{"rendered":"Collier lotus \u00e9gyptien en argent"},"content":{"rendered":"<p>Le lotus \u00e9gyptien en argent \u00e9tait le symbole de chaque temple, un argent italien 925 fa\u00e7onnant l&rsquo;ancienne fleur de lotus \u00e9gyptienne pour refl\u00e9ter une personnalit\u00e9 li\u00e9e \u00e0 ses origines. Obtenez-le maintenant et compl\u00e9tez votre look parfait. Retrouvez le reste de l&rsquo;ensemble lotus sur notre page<\/p>\n","protected":false},"excerpt":{"rendered":"<p>Le lotus \u00e9gyptien en argent \u00e9tait le symbole de chaque temple, un argent italien 925 fa\u00e7onnant l&rsquo;ancienne fleur de lotus \u00e9gyptienne pour refl\u00e9ter une personnalit\u00e9&#8230;<\/p>\n","protected":false},"featured_media":5140,"comment_status":"open","ping_status":"closed","template":"","meta":[],"etheme_brands":[],"product_brand":[],"product_cat":[144,145,134,198,148,147,146],"product_tag":[151,150],"class_list":{"0":"post-4375","1":"product","2":"type-product","3":"status-publish","4":"has-post-thumbnail","6":"product_cat-achetez-par-occasion","7":"product_cat-anniversaire","8":"product_cat-kardhan-silver","9":"product_cat-kemit-kerdan","10":"product_cat-les-essentiels-du-quotidien","11":"product_cat-looks-de-vacances-fr","12":"product_cat-looks-de-vacances","13":"product_tag-collier","14":"product_tag-nouvelle","16":"first","17":"instock","18":"shipping-taxable","19":"purchasable","20":"product-type-simple"},"pure_taxonomies":{"product_cat":[{"term_id":144,"name":"ACHETEZ PAR OCCASION","slug":"achetez-par-occasion","term_group":0,"term_taxonomy_id":144,"taxonomy":"product_cat","description":"","parent":0,"count":28,"filter":"raw","image":""},{"term_id":145,"name":"Anniversaire","slug":"anniversaire","term_group":0,"term_taxonomy_id":145,"taxonomy":"product_cat","description":"","parent":0,"count":57,"filter":"raw","image":""},{"term_id":134,"name":"Kardhan Silver","slug":"kardhan-silver","term_group":0,"term_taxonomy_id":134,"taxonomy":"product_cat","description":"","parent":0,"count":59,"filter":"raw","image":""},{"term_id":198,"name":"Kemit Kerdan","slug":"kemit-kerdan","term_group":0,"term_taxonomy_id":198,"taxonomy":"product_cat","description":"","parent":0,"count":5,"filter":"raw","image":""},{"term_id":148,"name":"Les essentiels du quotidien","slug":"les-essentiels-du-quotidien","term_group":0,"term_taxonomy_id":148,"taxonomy":"product_cat","description":"","parent":0,"count":57,"filter":"raw","image":""},{"term_id":147,"name":"Looks de vacances","slug":"looks-de-vacances-fr","term_group":0,"term_taxonomy_id":147,"taxonomy":"product_cat","description":"","parent":0,"count":56,"filter":"raw","image":""},{"term_id":146,"name":"Week-end de vacances \u00e0 la maison","slug":"looks-de-vacances","term_group":0,"term_taxonomy_id":146,"taxonomy":"product_cat","description":"","parent":0,"count":51,"filter":"raw","image":""}],"product_tag":[{"term_id":151,"name":"Collier","slug":"collier","term_group":0,"term_taxonomy_id":151,"taxonomy":"product_tag","description":"","parent":0,"count":19,"filter":"raw","image":""},{"term_id":150,"name":"nouvelle","slug":"nouvelle","term_group":0,"term_taxonomy_id":150,"taxonomy":"product_tag","description":"","parent":0,"count":7,"filter":"raw","image":""}]},"_links":{"self":[{"href":"https:\/\/kerdangold.com\/fr\/wp-json\/wp\/v2\/product\/4375","targetHints":{"allow":["GET"]}}],"collection":[{"href":"https:\/\/kerdangold.com\/fr\/wp-json\/wp\/v2\/product"}],"about":[{"href":"https:\/\/kerdangold.com\/fr\/wp-json\/wp\/v2\/types\/product"}],"replies":[{"embeddable":true,"href":"https:\/\/kerdangold.com\/fr\/wp-json\/wp\/v2\/comments?post=4375"}],"version-history":[{"count":0,"href":"https:\/\/kerdangold.com\/fr\/wp-json\/wp\/v2\/product\/4375\/revisions"}],"wp:featuredmedia":[{"embeddable":true,"href":"https:\/\/kerdangold.com\/fr\/wp-json\/wp\/v2\/media\/5140"}],"wp:attachment":[{"href":"https:\/\/kerdangold.com\/fr\/wp-json\/wp\/v2\/media?parent=4375"}],"wp:term":[{"taxonomy":"brand","embeddable":true,"href":"https:\/\/kerdangold.com\/fr\/wp-json\/wp\/v2\/etheme_brands?post=4375"},{"taxonomy":"product_brand","embeddable":true,"href":"https:\/\/kerdangold.com\/fr\/wp-json\/wp\/v2\/product_brand?post=4375"},{"taxonomy":"product_cat","embeddable":true,"href":"https:\/\/kerdangold.com\/fr\/wp-json\/wp\/v2\/product_cat?post=4375"},{"taxonomy":"product_tag","embeddable":true,"href":"https:\/\/kerdangold.com\/fr\/wp-json\/wp\/v2\/product_tag?post=4375"}],"curies":[{"name":"wp","href":"https:\/\/api.w.org\/{rel}","templated":true}]}}