{"id":4374,"date":"2025-05-07T20:01:27","date_gmt":"2025-05-07T17:01:27","guid":{"rendered":"https:\/\/kerdangold.com\/product\/kerdan-argente\/"},"modified":"2025-05-07T20:01:27","modified_gmt":"2025-05-07T17:01:27","slug":"kerdan-argente","status":"publish","type":"product","link":"https:\/\/kerdangold.com\/fr\/produit\/kerdan-argente\/","title":{"rendered":"Kerdan argent\u00e9"},"content":{"rendered":"<p>Silver Kerdan un collier simple inspir\u00e9 du Kedran \u00e9gyptien avec les couleurs locales de l&rsquo;ancienne soci\u00e9t\u00e9 \u00e9gyptienne, un bijou qui vous relie \u00e0 vos origines<\/p>\n","protected":false},"excerpt":{"rendered":"<p>Silver Kerdan un collier simple inspir\u00e9 du Kedran \u00e9gyptien avec les couleurs locales de l&rsquo;ancienne soci\u00e9t\u00e9 \u00e9gyptienne, un bijou qui vous relie \u00e0 vos origines<\/p>\n","protected":false},"featured_media":5436,"comment_status":"open","ping_status":"closed","template":"","meta":[],"etheme_brands":[{"term_id":102,"name":"Kerdan","slug":"kerdan","term_group":0,"term_taxonomy_id":102,"taxonomy":"brand","description":"","parent":0,"count":180,"filter":"raw"}],"product_brand":[],"product_cat":[144,145,190,134,188,148,147,146],"product_tag":[151],"class_list":{"0":"post-4374","1":"product","2":"type-product","3":"status-publish","4":"has-post-thumbnail","6":"brand-kerdan","7":"product_cat-achetez-par-occasion","8":"product_cat-anniversaire","9":"product_cat-collection-dete","10":"product_cat-kardhan-silver","11":"product_cat-kerdan-arabe","12":"product_cat-les-essentiels-du-quotidien","13":"product_cat-looks-de-vacances-fr","14":"product_cat-looks-de-vacances","15":"product_tag-collier","17":"first","18":"instock","19":"shipping-taxable","20":"purchasable","21":"product-type-simple"},"pure_taxonomies":{"brand":[{"term_id":102,"name":"Kerdan","slug":"kerdan","term_group":0,"term_taxonomy_id":102,"taxonomy":"brand","description":"","parent":0,"count":180,"filter":"raw","image":""}],"product_cat":[{"term_id":144,"name":"ACHETEZ PAR OCCASION","slug":"achetez-par-occasion","term_group":0,"term_taxonomy_id":144,"taxonomy":"product_cat","description":"","parent":0,"count":28,"filter":"raw","image":""},{"term_id":145,"name":"Anniversaire","slug":"anniversaire","term_group":0,"term_taxonomy_id":145,"taxonomy":"product_cat","description":"","parent":0,"count":57,"filter":"raw","image":""},{"term_id":190,"name":"collection d'\u00e9t\u00e9","slug":"collection-dete","term_group":0,"term_taxonomy_id":190,"taxonomy":"product_cat","description":"","parent":0,"count":37,"filter":"raw","image":""},{"term_id":134,"name":"Kardhan Silver","slug":"kardhan-silver","term_group":0,"term_taxonomy_id":134,"taxonomy":"product_cat","description":"","parent":0,"count":59,"filter":"raw","image":""},{"term_id":188,"name":"Kerdan arabe","slug":"kerdan-arabe","term_group":0,"term_taxonomy_id":188,"taxonomy":"product_cat","description":"","parent":0,"count":5,"filter":"raw","image":""},{"term_id":148,"name":"Les essentiels du quotidien","slug":"les-essentiels-du-quotidien","term_group":0,"term_taxonomy_id":148,"taxonomy":"product_cat","description":"","parent":0,"count":57,"filter":"raw","image":""},{"term_id":147,"name":"Looks de vacances","slug":"looks-de-vacances-fr","term_group":0,"term_taxonomy_id":147,"taxonomy":"product_cat","description":"","parent":0,"count":56,"filter":"raw","image":""},{"term_id":146,"name":"Week-end de vacances \u00e0 la maison","slug":"looks-de-vacances","term_group":0,"term_taxonomy_id":146,"taxonomy":"product_cat","description":"","parent":0,"count":51,"filter":"raw","image":""}],"product_tag":[{"term_id":151,"name":"Collier","slug":"collier","term_group":0,"term_taxonomy_id":151,"taxonomy":"product_tag","description":"","parent":0,"count":19,"filter":"raw","image":""}]},"_links":{"self":[{"href":"https:\/\/kerdangold.com\/fr\/wp-json\/wp\/v2\/product\/4374","targetHints":{"allow":["GET"]}}],"collection":[{"href":"https:\/\/kerdangold.com\/fr\/wp-json\/wp\/v2\/product"}],"about":[{"href":"https:\/\/kerdangold.com\/fr\/wp-json\/wp\/v2\/types\/product"}],"replies":[{"embeddable":true,"href":"https:\/\/kerdangold.com\/fr\/wp-json\/wp\/v2\/comments?post=4374"}],"version-history":[{"count":0,"href":"https:\/\/kerdangold.com\/fr\/wp-json\/wp\/v2\/product\/4374\/revisions"}],"wp:featuredmedia":[{"embeddable":true,"href":"https:\/\/kerdangold.com\/fr\/wp-json\/wp\/v2\/media\/5436"}],"wp:attachment":[{"href":"https:\/\/kerdangold.com\/fr\/wp-json\/wp\/v2\/media?parent=4374"}],"wp:term":[{"taxonomy":"brand","embeddable":true,"href":"https:\/\/kerdangold.com\/fr\/wp-json\/wp\/v2\/etheme_brands?post=4374"},{"taxonomy":"product_brand","embeddable":true,"href":"https:\/\/kerdangold.com\/fr\/wp-json\/wp\/v2\/product_brand?post=4374"},{"taxonomy":"product_cat","embeddable":true,"href":"https:\/\/kerdangold.com\/fr\/wp-json\/wp\/v2\/product_cat?post=4374"},{"taxonomy":"product_tag","embeddable":true,"href":"https:\/\/kerdangold.com\/fr\/wp-json\/wp\/v2\/product_tag?post=4374"}],"curies":[{"name":"wp","href":"https:\/\/api.w.org\/{rel}","templated":true}]}}