{"id":4332,"date":"2025-04-24T17:59:59","date_gmt":"2025-04-24T14:59:59","guid":{"rendered":"https:\/\/kerdangold.com\/product\/collier-en-argent-a-vagues-circulaires\/"},"modified":"2025-04-24T17:59:59","modified_gmt":"2025-04-24T14:59:59","slug":"collier-en-argent-a-vagues-circulaires","status":"publish","type":"product","link":"https:\/\/kerdangold.com\/fr\/produit\/collier-en-argent-a-vagues-circulaires\/","title":{"rendered":"collier en argent \u00e0 vagues circulaires"},"content":{"rendered":"<p>Argent italien 925 encadrant vos vagues pr\u00e9f\u00e9r\u00e9es dans un collier circulaire pour un look parfait cet \u00e9t\u00e9.<\/p>\n<p>Retrouvez la bague en argent \u00ab\u00a0Vague circulaire\u00a0\u00bb sur notre page pour compl\u00e9ter votre parure.<\/p>\n<p>Ce produit est disponible en plaqu\u00e9 or 18 carats. Profitez de notre garantie d&rsquo;un an et de notre option d&rsquo;entretien pour vous assurer qu&rsquo;il conservera son aspect neuf.<\/p>\n","protected":false},"excerpt":{"rendered":"<p>Argent italien 925 encadrant vos vagues pr\u00e9f\u00e9r\u00e9es dans un collier circulaire pour un look parfait cet \u00e9t\u00e9. Retrouvez la bague en argent \u00ab\u00a0Vague circulaire\u00a0\u00bb sur&#8230;<\/p>\n","protected":false},"featured_media":5168,"comment_status":"open","ping_status":"closed","template":"","meta":[],"etheme_brands":[{"term_id":102,"name":"Kerdan","slug":"kerdan","term_group":0,"term_taxonomy_id":102,"taxonomy":"brand","description":"","parent":0,"count":180,"filter":"raw"}],"product_brand":[],"product_cat":[190,135,134,147,146],"product_tag":[151,192],"class_list":{"0":"post-4332","1":"product","2":"type-product","3":"status-publish","4":"has-post-thumbnail","6":"brand-kerdan","7":"product_cat-collection-dete","8":"product_cat-kardhan-hammerhead","9":"product_cat-kardhan-silver","10":"product_cat-looks-de-vacances-fr","11":"product_cat-looks-de-vacances","12":"product_tag-collier","13":"product_tag-cou","15":"first","16":"instock","17":"shipping-taxable","18":"purchasable","19":"product-type-simple"},"pure_taxonomies":{"brand":[{"term_id":102,"name":"Kerdan","slug":"kerdan","term_group":0,"term_taxonomy_id":102,"taxonomy":"brand","description":"","parent":0,"count":180,"filter":"raw","image":""}],"product_cat":[{"term_id":190,"name":"collection d'\u00e9t\u00e9","slug":"collection-dete","term_group":0,"term_taxonomy_id":190,"taxonomy":"product_cat","description":"","parent":0,"count":37,"filter":"raw","image":""},{"term_id":135,"name":"Kardhan Hammerhead","slug":"kardhan-hammerhead","term_group":0,"term_taxonomy_id":135,"taxonomy":"product_cat","description":"","parent":0,"count":43,"filter":"raw","image":""},{"term_id":134,"name":"Kardhan Silver","slug":"kardhan-silver","term_group":0,"term_taxonomy_id":134,"taxonomy":"product_cat","description":"","parent":0,"count":59,"filter":"raw","image":""},{"term_id":147,"name":"Looks de vacances","slug":"looks-de-vacances-fr","term_group":0,"term_taxonomy_id":147,"taxonomy":"product_cat","description":"","parent":0,"count":56,"filter":"raw","image":""},{"term_id":146,"name":"Week-end de vacances \u00e0 la maison","slug":"looks-de-vacances","term_group":0,"term_taxonomy_id":146,"taxonomy":"product_cat","description":"","parent":0,"count":51,"filter":"raw","image":""}],"product_tag":[{"term_id":151,"name":"Collier","slug":"collier","term_group":0,"term_taxonomy_id":151,"taxonomy":"product_tag","description":"","parent":0,"count":19,"filter":"raw","image":""},{"term_id":192,"name":"cou","slug":"cou","term_group":0,"term_taxonomy_id":192,"taxonomy":"product_tag","description":"","parent":0,"count":9,"filter":"raw","image":""}]},"_links":{"self":[{"href":"https:\/\/kerdangold.com\/fr\/wp-json\/wp\/v2\/product\/4332","targetHints":{"allow":["GET"]}}],"collection":[{"href":"https:\/\/kerdangold.com\/fr\/wp-json\/wp\/v2\/product"}],"about":[{"href":"https:\/\/kerdangold.com\/fr\/wp-json\/wp\/v2\/types\/product"}],"replies":[{"embeddable":true,"href":"https:\/\/kerdangold.com\/fr\/wp-json\/wp\/v2\/comments?post=4332"}],"version-history":[{"count":0,"href":"https:\/\/kerdangold.com\/fr\/wp-json\/wp\/v2\/product\/4332\/revisions"}],"wp:featuredmedia":[{"embeddable":true,"href":"https:\/\/kerdangold.com\/fr\/wp-json\/wp\/v2\/media\/5168"}],"wp:attachment":[{"href":"https:\/\/kerdangold.com\/fr\/wp-json\/wp\/v2\/media?parent=4332"}],"wp:term":[{"taxonomy":"brand","embeddable":true,"href":"https:\/\/kerdangold.com\/fr\/wp-json\/wp\/v2\/etheme_brands?post=4332"},{"taxonomy":"product_brand","embeddable":true,"href":"https:\/\/kerdangold.com\/fr\/wp-json\/wp\/v2\/product_brand?post=4332"},{"taxonomy":"product_cat","embeddable":true,"href":"https:\/\/kerdangold.com\/fr\/wp-json\/wp\/v2\/product_cat?post=4332"},{"taxonomy":"product_tag","embeddable":true,"href":"https:\/\/kerdangold.com\/fr\/wp-json\/wp\/v2\/product_tag?post=4332"}],"curies":[{"name":"wp","href":"https:\/\/api.w.org\/{rel}","templated":true}]}}