{"id":4331,"date":"2025-04-24T17:51:07","date_gmt":"2025-04-24T14:51:07","guid":{"rendered":"https:\/\/kerdangold.com\/product\/bague-en-argent-a-vagues-circulaires\/"},"modified":"2025-04-24T17:51:07","modified_gmt":"2025-04-24T14:51:07","slug":"bague-en-argent-a-vagues-circulaires","status":"publish","type":"product","link":"https:\/\/kerdangold.com\/fr\/produit\/bague-en-argent-a-vagues-circulaires\/","title":{"rendered":"bague en argent \u00e0 vagues circulaires"},"content":{"rendered":"<p>L&rsquo;argent italien 925 garde vos vagues bien-aim\u00e9es en cercle entre vos mains. Simplement le cadeau parfait pour l&rsquo;\u00e9t\u00e9.<\/p>\n","protected":false},"excerpt":{"rendered":"<p>L&rsquo;argent italien 925 garde vos vagues bien-aim\u00e9es en cercle entre vos mains. Simplement le cadeau parfait pour l&rsquo;\u00e9t\u00e9.<\/p>\n","protected":false},"featured_media":5164,"comment_status":"open","ping_status":"closed","template":"","meta":[],"etheme_brands":[{"term_id":102,"name":"Kerdan","slug":"kerdan","term_group":0,"term_taxonomy_id":102,"taxonomy":"brand","description":"","parent":0,"count":180,"filter":"raw"}],"product_brand":[],"product_cat":[144,190,135,134,147,146],"product_tag":[140],"class_list":{"0":"post-4331","1":"product","2":"type-product","3":"status-publish","4":"has-post-thumbnail","6":"brand-kerdan","7":"product_cat-achetez-par-occasion","8":"product_cat-collection-dete","9":"product_cat-kardhan-hammerhead","10":"product_cat-kardhan-silver","11":"product_cat-looks-de-vacances-fr","12":"product_cat-looks-de-vacances","13":"product_tag-bague","15":"first","16":"instock","17":"shipping-taxable","18":"purchasable","19":"product-type-simple"},"pure_taxonomies":{"brand":[{"term_id":102,"name":"Kerdan","slug":"kerdan","term_group":0,"term_taxonomy_id":102,"taxonomy":"brand","description":"","parent":0,"count":180,"filter":"raw","image":""}],"product_cat":[{"term_id":144,"name":"ACHETEZ PAR OCCASION","slug":"achetez-par-occasion","term_group":0,"term_taxonomy_id":144,"taxonomy":"product_cat","description":"","parent":0,"count":28,"filter":"raw","image":""},{"term_id":190,"name":"collection d'\u00e9t\u00e9","slug":"collection-dete","term_group":0,"term_taxonomy_id":190,"taxonomy":"product_cat","description":"","parent":0,"count":37,"filter":"raw","image":""},{"term_id":135,"name":"Kardhan Hammerhead","slug":"kardhan-hammerhead","term_group":0,"term_taxonomy_id":135,"taxonomy":"product_cat","description":"","parent":0,"count":43,"filter":"raw","image":""},{"term_id":134,"name":"Kardhan Silver","slug":"kardhan-silver","term_group":0,"term_taxonomy_id":134,"taxonomy":"product_cat","description":"","parent":0,"count":59,"filter":"raw","image":""},{"term_id":147,"name":"Looks de vacances","slug":"looks-de-vacances-fr","term_group":0,"term_taxonomy_id":147,"taxonomy":"product_cat","description":"","parent":0,"count":56,"filter":"raw","image":""},{"term_id":146,"name":"Week-end de vacances \u00e0 la maison","slug":"looks-de-vacances","term_group":0,"term_taxonomy_id":146,"taxonomy":"product_cat","description":"","parent":0,"count":51,"filter":"raw","image":""}],"product_tag":[{"term_id":140,"name":"Bague","slug":"bague","term_group":0,"term_taxonomy_id":140,"taxonomy":"product_tag","description":"","parent":0,"count":16,"filter":"raw","image":""}]},"_links":{"self":[{"href":"https:\/\/kerdangold.com\/fr\/wp-json\/wp\/v2\/product\/4331","targetHints":{"allow":["GET"]}}],"collection":[{"href":"https:\/\/kerdangold.com\/fr\/wp-json\/wp\/v2\/product"}],"about":[{"href":"https:\/\/kerdangold.com\/fr\/wp-json\/wp\/v2\/types\/product"}],"replies":[{"embeddable":true,"href":"https:\/\/kerdangold.com\/fr\/wp-json\/wp\/v2\/comments?post=4331"}],"version-history":[{"count":0,"href":"https:\/\/kerdangold.com\/fr\/wp-json\/wp\/v2\/product\/4331\/revisions"}],"wp:featuredmedia":[{"embeddable":true,"href":"https:\/\/kerdangold.com\/fr\/wp-json\/wp\/v2\/media\/5164"}],"wp:attachment":[{"href":"https:\/\/kerdangold.com\/fr\/wp-json\/wp\/v2\/media?parent=4331"}],"wp:term":[{"taxonomy":"brand","embeddable":true,"href":"https:\/\/kerdangold.com\/fr\/wp-json\/wp\/v2\/etheme_brands?post=4331"},{"taxonomy":"product_brand","embeddable":true,"href":"https:\/\/kerdangold.com\/fr\/wp-json\/wp\/v2\/product_brand?post=4331"},{"taxonomy":"product_cat","embeddable":true,"href":"https:\/\/kerdangold.com\/fr\/wp-json\/wp\/v2\/product_cat?post=4331"},{"taxonomy":"product_tag","embeddable":true,"href":"https:\/\/kerdangold.com\/fr\/wp-json\/wp\/v2\/product_tag?post=4331"}],"curies":[{"name":"wp","href":"https:\/\/api.w.org\/{rel}","templated":true}]}}