{"id":4317,"date":"2025-04-16T14:19:01","date_gmt":"2025-04-16T11:19:01","guid":{"rendered":"https:\/\/kerdangold.com\/product\/mer-dun-bleu-profond\/"},"modified":"2025-04-16T14:19:01","modified_gmt":"2025-04-16T11:19:01","slug":"mer-dun-bleu-profond","status":"publish","type":"product","link":"https:\/\/kerdangold.com\/fr\/produit\/mer-dun-bleu-profond\/","title":{"rendered":"Mer d&rsquo;un bleu profond"},"content":{"rendered":"<p>Du c\u0153ur de la mer, nous vous proposons un bijou en argent italien 925 qui gardera les vagues pr\u00e8s de votre c\u0153ur cet \u00e9t\u00e9 <img loading=\"lazy\" loading=\"lazy\" decoding=\"async\" class=\"size-medium wp-image-2936 alignright\" src=\"http:\/\/kerdangold.com\/wp-content\/uploads\/2025\/04\/c5cb9b08a348fb131a2aabffe9f2ee45-medium.jpg\" alt=\"\" width=\"159\" height=\"300\" srcset=\"https:\/\/kerdangold.com\/wp-content\/uploads\/2025\/04\/c5cb9b08a348fb131a2aabffe9f2ee45-medium.jpg 159w, https:\/\/kerdangold.com\/wp-content\/uploads\/2025\/04\/c5cb9b08a348fb131a2aabffe9f2ee45-large.jpg 541w, https:\/\/kerdangold.com\/wp-content\/uploads\/2025\/04\/c5cb9b08a348fb131a2aabffe9f2ee45-600x1135.jpg 600w, https:\/\/kerdangold.com\/wp-content\/uploads\/2025\/04\/c5cb9b08a348fb131a2aabffe9f2ee45-1x1.jpg 1w, https:\/\/kerdangold.com\/wp-content\/uploads\/2025\/04\/c5cb9b08a348fb131a2aabffe9f2ee45-5x10.jpg 5w, https:\/\/kerdangold.com\/wp-content\/uploads\/2025\/04\/c5cb9b08a348fb131a2aabffe9f2ee45.jpg 679w\" sizes=\"auto, (max-width: 159px) 100vw, 159px\" \/><\/p>\n","protected":false},"excerpt":{"rendered":"<p>Du c\u0153ur de la mer, nous vous proposons un bijou en argent italien 925 qui gardera les vagues pr\u00e8s de votre c\u0153ur cet \u00e9t\u00e9<\/p>\n","protected":false},"featured_media":5490,"comment_status":"open","ping_status":"closed","template":"","meta":[],"etheme_brands":[{"term_id":102,"name":"Kerdan","slug":"kerdan","term_group":0,"term_taxonomy_id":102,"taxonomy":"brand","description":"","parent":0,"count":180,"filter":"raw"}],"product_brand":[],"product_cat":[144,145,149,190,135,134,148,147,146],"product_tag":[151],"class_list":{"0":"post-4317","1":"product","2":"type-product","3":"status-publish","4":"has-post-thumbnail","6":"brand-kerdan","7":"product_cat-achetez-par-occasion","8":"product_cat-anniversaire","9":"product_cat-argent-par","10":"product_cat-collection-dete","11":"product_cat-kardhan-hammerhead","12":"product_cat-kardhan-silver","13":"product_cat-les-essentiels-du-quotidien","14":"product_cat-looks-de-vacances-fr","15":"product_cat-looks-de-vacances","16":"product_tag-collier","18":"first","19":"instock","20":"shipping-taxable","21":"purchasable","22":"product-type-simple"},"pure_taxonomies":{"brand":[{"term_id":102,"name":"Kerdan","slug":"kerdan","term_group":0,"term_taxonomy_id":102,"taxonomy":"brand","description":"","parent":0,"count":180,"filter":"raw","image":""}],"product_cat":[{"term_id":144,"name":"ACHETEZ PAR OCCASION","slug":"achetez-par-occasion","term_group":0,"term_taxonomy_id":144,"taxonomy":"product_cat","description":"","parent":0,"count":28,"filter":"raw","image":""},{"term_id":145,"name":"Anniversaire","slug":"anniversaire","term_group":0,"term_taxonomy_id":145,"taxonomy":"product_cat","description":"","parent":0,"count":57,"filter":"raw","image":""},{"term_id":149,"name":"Argent par","slug":"argent-par","term_group":0,"term_taxonomy_id":149,"taxonomy":"product_cat","description":"","parent":0,"count":13,"filter":"raw","image":""},{"term_id":190,"name":"collection d'\u00e9t\u00e9","slug":"collection-dete","term_group":0,"term_taxonomy_id":190,"taxonomy":"product_cat","description":"","parent":0,"count":37,"filter":"raw","image":""},{"term_id":135,"name":"Kardhan Hammerhead","slug":"kardhan-hammerhead","term_group":0,"term_taxonomy_id":135,"taxonomy":"product_cat","description":"","parent":0,"count":43,"filter":"raw","image":""},{"term_id":134,"name":"Kardhan Silver","slug":"kardhan-silver","term_group":0,"term_taxonomy_id":134,"taxonomy":"product_cat","description":"","parent":0,"count":59,"filter":"raw","image":""},{"term_id":148,"name":"Les essentiels du quotidien","slug":"les-essentiels-du-quotidien","term_group":0,"term_taxonomy_id":148,"taxonomy":"product_cat","description":"","parent":0,"count":57,"filter":"raw","image":""},{"term_id":147,"name":"Looks de vacances","slug":"looks-de-vacances-fr","term_group":0,"term_taxonomy_id":147,"taxonomy":"product_cat","description":"","parent":0,"count":56,"filter":"raw","image":""},{"term_id":146,"name":"Week-end de vacances \u00e0 la maison","slug":"looks-de-vacances","term_group":0,"term_taxonomy_id":146,"taxonomy":"product_cat","description":"","parent":0,"count":51,"filter":"raw","image":""}],"product_tag":[{"term_id":151,"name":"Collier","slug":"collier","term_group":0,"term_taxonomy_id":151,"taxonomy":"product_tag","description":"","parent":0,"count":19,"filter":"raw","image":""}]},"_links":{"self":[{"href":"https:\/\/kerdangold.com\/fr\/wp-json\/wp\/v2\/product\/4317","targetHints":{"allow":["GET"]}}],"collection":[{"href":"https:\/\/kerdangold.com\/fr\/wp-json\/wp\/v2\/product"}],"about":[{"href":"https:\/\/kerdangold.com\/fr\/wp-json\/wp\/v2\/types\/product"}],"replies":[{"embeddable":true,"href":"https:\/\/kerdangold.com\/fr\/wp-json\/wp\/v2\/comments?post=4317"}],"version-history":[{"count":0,"href":"https:\/\/kerdangold.com\/fr\/wp-json\/wp\/v2\/product\/4317\/revisions"}],"wp:featuredmedia":[{"embeddable":true,"href":"https:\/\/kerdangold.com\/fr\/wp-json\/wp\/v2\/media\/5490"}],"wp:attachment":[{"href":"https:\/\/kerdangold.com\/fr\/wp-json\/wp\/v2\/media?parent=4317"}],"wp:term":[{"taxonomy":"brand","embeddable":true,"href":"https:\/\/kerdangold.com\/fr\/wp-json\/wp\/v2\/etheme_brands?post=4317"},{"taxonomy":"product_brand","embeddable":true,"href":"https:\/\/kerdangold.com\/fr\/wp-json\/wp\/v2\/product_brand?post=4317"},{"taxonomy":"product_cat","embeddable":true,"href":"https:\/\/kerdangold.com\/fr\/wp-json\/wp\/v2\/product_cat?post=4317"},{"taxonomy":"product_tag","embeddable":true,"href":"https:\/\/kerdangold.com\/fr\/wp-json\/wp\/v2\/product_tag?post=4317"}],"curies":[{"name":"wp","href":"https:\/\/api.w.org\/{rel}","templated":true}]}}