{"id":4316,"date":"2025-04-16T14:06:49","date_gmt":"2025-04-16T11:06:49","guid":{"rendered":"https:\/\/kerdangold.com\/product\/coquillage-argente\/"},"modified":"2025-04-16T14:06:49","modified_gmt":"2025-04-16T11:06:49","slug":"coquillage-argente","status":"publish","type":"product","link":"https:\/\/kerdangold.com\/fr\/produit\/coquillage-argente\/","title":{"rendered":"Coquillage argent\u00e9"},"content":{"rendered":"<p>avec un argent italien 925 et l&rsquo;imagination de notre designer grec, la nature pr\u00e9sente l&rsquo;ensemble parfait de boucles d&rsquo;oreilles et de collier en forme de coquillage qui compl\u00e8tera votre \u00e9l\u00e9gance en \u00e9t\u00e9 <img loading=\"lazy\" loading=\"lazy\" decoding=\"async\" class=\"size-medium wp-image-2932 alignright\" src=\"https:\/\/kerdangold.com\/wp-content\/uploads\/2025\/04\/d0aeddb1d1824cc650b31b1698c8da26-medium.jpg\" alt=\"\" width=\"300\" height=\"258\" srcset=\"https:\/\/kerdangold.com\/wp-content\/uploads\/2025\/04\/d0aeddb1d1824cc650b31b1698c8da26-medium.jpg 300w, https:\/\/kerdangold.com\/wp-content\/uploads\/2025\/04\/d0aeddb1d1824cc650b31b1698c8da26-1x1.jpg 1w, https:\/\/kerdangold.com\/wp-content\/uploads\/2025\/04\/d0aeddb1d1824cc650b31b1698c8da26-10x10.jpg 10w, https:\/\/kerdangold.com\/wp-content\/uploads\/2025\/04\/d0aeddb1d1824cc650b31b1698c8da26.jpg 585w\" sizes=\"auto, (max-width: 300px) 100vw, 300px\" \/><\/p>\n","protected":false},"excerpt":{"rendered":"<p>avec un argent italien 925 et l&rsquo;imagination de notre designer grec, la nature pr\u00e9sente l&rsquo;ensemble parfait de boucles d&rsquo;oreilles et de collier en forme de&#8230;<\/p>\n","protected":false},"featured_media":5433,"comment_status":"open","ping_status":"closed","template":"","meta":[],"etheme_brands":[{"term_id":102,"name":"Kerdan","slug":"kerdan","term_group":0,"term_taxonomy_id":102,"taxonomy":"brand","description":"","parent":0,"count":180,"filter":"raw"}],"product_brand":[],"product_cat":[144,173,145,149,190,189,135,134,148,147,146],"product_tag":[174,192,150],"class_list":{"0":"post-4316","1":"product","2":"type-product","3":"status-publish","4":"has-post-thumbnail","6":"brand-kerdan","7":"product_cat-achetez-par-occasion","8":"product_cat-amoureux-de-lete","9":"product_cat-anniversaire","10":"product_cat-argent-par","11":"product_cat-collection-dete","12":"product_cat-forfaits","13":"product_cat-kardhan-hammerhead","14":"product_cat-kardhan-silver","15":"product_cat-les-essentiels-du-quotidien","16":"product_cat-looks-de-vacances-fr","17":"product_cat-looks-de-vacances","18":"product_tag-best-seller-fr","19":"product_tag-cou","20":"product_tag-nouvelle","22":"first","23":"instock","24":"shipping-taxable","25":"purchasable","26":"product-type-simple"},"pure_taxonomies":{"brand":[{"term_id":102,"name":"Kerdan","slug":"kerdan","term_group":0,"term_taxonomy_id":102,"taxonomy":"brand","description":"","parent":0,"count":180,"filter":"raw","image":""}],"product_cat":[{"term_id":144,"name":"ACHETEZ PAR OCCASION","slug":"achetez-par-occasion","term_group":0,"term_taxonomy_id":144,"taxonomy":"product_cat","description":"","parent":0,"count":28,"filter":"raw","image":""},{"term_id":173,"name":"amoureux de l'\u00e9t\u00e9","slug":"amoureux-de-lete","term_group":0,"term_taxonomy_id":173,"taxonomy":"product_cat","description":"","parent":0,"count":4,"filter":"raw","image":""},{"term_id":145,"name":"Anniversaire","slug":"anniversaire","term_group":0,"term_taxonomy_id":145,"taxonomy":"product_cat","description":"","parent":0,"count":57,"filter":"raw","image":""},{"term_id":149,"name":"Argent par","slug":"argent-par","term_group":0,"term_taxonomy_id":149,"taxonomy":"product_cat","description":"","parent":0,"count":13,"filter":"raw","image":""},{"term_id":190,"name":"collection d'\u00e9t\u00e9","slug":"collection-dete","term_group":0,"term_taxonomy_id":190,"taxonomy":"product_cat","description":"","parent":0,"count":37,"filter":"raw","image":""},{"term_id":189,"name":"Forfaits","slug":"forfaits","term_group":0,"term_taxonomy_id":189,"taxonomy":"product_cat","description":"","parent":0,"count":10,"filter":"raw","image":""},{"term_id":135,"name":"Kardhan Hammerhead","slug":"kardhan-hammerhead","term_group":0,"term_taxonomy_id":135,"taxonomy":"product_cat","description":"","parent":0,"count":43,"filter":"raw","image":""},{"term_id":134,"name":"Kardhan Silver","slug":"kardhan-silver","term_group":0,"term_taxonomy_id":134,"taxonomy":"product_cat","description":"","parent":0,"count":59,"filter":"raw","image":""},{"term_id":148,"name":"Les essentiels du quotidien","slug":"les-essentiels-du-quotidien","term_group":0,"term_taxonomy_id":148,"taxonomy":"product_cat","description":"","parent":0,"count":57,"filter":"raw","image":""},{"term_id":147,"name":"Looks de vacances","slug":"looks-de-vacances-fr","term_group":0,"term_taxonomy_id":147,"taxonomy":"product_cat","description":"","parent":0,"count":56,"filter":"raw","image":""},{"term_id":146,"name":"Week-end de vacances \u00e0 la maison","slug":"looks-de-vacances","term_group":0,"term_taxonomy_id":146,"taxonomy":"product_cat","description":"","parent":0,"count":51,"filter":"raw","image":""}],"product_tag":[{"term_id":174,"name":"best-seller","slug":"best-seller-fr","term_group":0,"term_taxonomy_id":174,"taxonomy":"product_tag","description":"","parent":0,"count":22,"filter":"raw","image":""},{"term_id":192,"name":"cou","slug":"cou","term_group":0,"term_taxonomy_id":192,"taxonomy":"product_tag","description":"","parent":0,"count":9,"filter":"raw","image":""},{"term_id":150,"name":"nouvelle","slug":"nouvelle","term_group":0,"term_taxonomy_id":150,"taxonomy":"product_tag","description":"","parent":0,"count":7,"filter":"raw","image":""}]},"_links":{"self":[{"href":"https:\/\/kerdangold.com\/fr\/wp-json\/wp\/v2\/product\/4316","targetHints":{"allow":["GET"]}}],"collection":[{"href":"https:\/\/kerdangold.com\/fr\/wp-json\/wp\/v2\/product"}],"about":[{"href":"https:\/\/kerdangold.com\/fr\/wp-json\/wp\/v2\/types\/product"}],"replies":[{"embeddable":true,"href":"https:\/\/kerdangold.com\/fr\/wp-json\/wp\/v2\/comments?post=4316"}],"version-history":[{"count":0,"href":"https:\/\/kerdangold.com\/fr\/wp-json\/wp\/v2\/product\/4316\/revisions"}],"wp:featuredmedia":[{"embeddable":true,"href":"https:\/\/kerdangold.com\/fr\/wp-json\/wp\/v2\/media\/5433"}],"wp:attachment":[{"href":"https:\/\/kerdangold.com\/fr\/wp-json\/wp\/v2\/media?parent=4316"}],"wp:term":[{"taxonomy":"brand","embeddable":true,"href":"https:\/\/kerdangold.com\/fr\/wp-json\/wp\/v2\/etheme_brands?post=4316"},{"taxonomy":"product_brand","embeddable":true,"href":"https:\/\/kerdangold.com\/fr\/wp-json\/wp\/v2\/product_brand?post=4316"},{"taxonomy":"product_cat","embeddable":true,"href":"https:\/\/kerdangold.com\/fr\/wp-json\/wp\/v2\/product_cat?post=4316"},{"taxonomy":"product_tag","embeddable":true,"href":"https:\/\/kerdangold.com\/fr\/wp-json\/wp\/v2\/product_tag?post=4316"}],"curies":[{"name":"wp","href":"https:\/\/api.w.org\/{rel}","templated":true}]}}