{"id":4314,"date":"2025-04-15T15:08:34","date_gmt":"2025-04-15T12:08:34","guid":{"rendered":"https:\/\/kerdangold.com\/product\/boucle-doreille-ailes-du-pharaon\/"},"modified":"2025-04-15T15:08:34","modified_gmt":"2025-04-15T12:08:34","slug":"boucle-doreille-ailes-du-pharaon","status":"publish","type":"product","link":"https:\/\/kerdangold.com\/fr\/produit\/boucle-doreille-ailes-du-pharaon\/","title":{"rendered":"boucle d&rsquo;oreille ailes du pharaon"},"content":{"rendered":"<p>Boucle d&rsquo;oreille en argent italien 925, plaqu\u00e9e or 18 carats, refl\u00e9tant une \u00e2me fortement attach\u00e9e \u00e0 l&rsquo;ancienne civilisation \u00e9gyptienne<br \/>\n<img loading=\"lazy\" loading=\"lazy\" decoding=\"async\" class=\"size-medium wp-image-2910 alignright\" src=\"https:\/\/kerdangold.com\/wp-content\/uploads\/2025\/04\/Picsart_24-10-21_01-27-00-544-medium.jpg\" alt=\"\" width=\"300\" height=\"300\" srcset=\"https:\/\/kerdangold.com\/wp-content\/uploads\/2025\/04\/Picsart_24-10-21_01-27-00-544-300x300.jpg 300w, https:\/\/kerdangold.com\/wp-content\/uploads\/2025\/04\/Picsart_24-10-21_01-27-00-544-large.jpg 1024w, https:\/\/kerdangold.com\/wp-content\/uploads\/2025\/04\/Picsart_24-10-21_01-27-00-544-small.jpg 150w, https:\/\/kerdangold.com\/wp-content\/uploads\/2025\/04\/Picsart_24-10-21_01-27-00-544-768x768.jpg 768w, https:\/\/kerdangold.com\/wp-content\/uploads\/2025\/04\/Picsart_24-10-21_01-27-00-544-600x600.jpg 600w, https:\/\/kerdangold.com\/wp-content\/uploads\/2025\/04\/Picsart_24-10-21_01-27-00-544-100x100.jpg 100w, https:\/\/kerdangold.com\/wp-content\/uploads\/2025\/04\/Picsart_24-10-21_01-27-00-544-1x1.jpg 1w, https:\/\/kerdangold.com\/wp-content\/uploads\/2025\/04\/Picsart_24-10-21_01-27-00-544-10x10.jpg 10w, https:\/\/kerdangold.com\/wp-content\/uploads\/2025\/04\/Picsart_24-10-21_01-27-00-544.jpg 1080w\" sizes=\"auto, (max-width: 300px) 100vw, 300px\" \/><\/p>\n","protected":false},"excerpt":{"rendered":"<p>Boucle d&rsquo;oreille en argent italien 925, plaqu\u00e9e or 18 carats, refl\u00e9tant une \u00e2me fortement attach\u00e9e \u00e0 l&rsquo;ancienne civilisation \u00e9gyptienne<\/p>\n","protected":false},"featured_media":5351,"comment_status":"open","ping_status":"closed","template":"","meta":[],"etheme_brands":[{"term_id":102,"name":"Kerdan","slug":"kerdan","term_group":0,"term_taxonomy_id":102,"taxonomy":"brand","description":"","parent":0,"count":180,"filter":"raw"}],"product_brand":[],"product_cat":[145,134,198,148,147],"product_tag":[174],"class_list":{"0":"post-4314","1":"product","2":"type-product","3":"status-publish","4":"has-post-thumbnail","6":"brand-kerdan","7":"product_cat-anniversaire","8":"product_cat-kardhan-silver","9":"product_cat-kemit-kerdan","10":"product_cat-les-essentiels-du-quotidien","11":"product_cat-looks-de-vacances-fr","12":"product_tag-best-seller-fr","14":"first","15":"instock","16":"shipping-taxable","17":"purchasable","18":"product-type-simple"},"pure_taxonomies":{"brand":[{"term_id":102,"name":"Kerdan","slug":"kerdan","term_group":0,"term_taxonomy_id":102,"taxonomy":"brand","description":"","parent":0,"count":180,"filter":"raw","image":""}],"product_cat":[{"term_id":145,"name":"Anniversaire","slug":"anniversaire","term_group":0,"term_taxonomy_id":145,"taxonomy":"product_cat","description":"","parent":0,"count":57,"filter":"raw","image":""},{"term_id":134,"name":"Kardhan Silver","slug":"kardhan-silver","term_group":0,"term_taxonomy_id":134,"taxonomy":"product_cat","description":"","parent":0,"count":59,"filter":"raw","image":""},{"term_id":198,"name":"Kemit Kerdan","slug":"kemit-kerdan","term_group":0,"term_taxonomy_id":198,"taxonomy":"product_cat","description":"","parent":0,"count":5,"filter":"raw","image":""},{"term_id":148,"name":"Les essentiels du quotidien","slug":"les-essentiels-du-quotidien","term_group":0,"term_taxonomy_id":148,"taxonomy":"product_cat","description":"","parent":0,"count":57,"filter":"raw","image":""},{"term_id":147,"name":"Looks de vacances","slug":"looks-de-vacances-fr","term_group":0,"term_taxonomy_id":147,"taxonomy":"product_cat","description":"","parent":0,"count":56,"filter":"raw","image":""}],"product_tag":[{"term_id":174,"name":"best-seller","slug":"best-seller-fr","term_group":0,"term_taxonomy_id":174,"taxonomy":"product_tag","description":"","parent":0,"count":22,"filter":"raw","image":""}]},"_links":{"self":[{"href":"https:\/\/kerdangold.com\/fr\/wp-json\/wp\/v2\/product\/4314","targetHints":{"allow":["GET"]}}],"collection":[{"href":"https:\/\/kerdangold.com\/fr\/wp-json\/wp\/v2\/product"}],"about":[{"href":"https:\/\/kerdangold.com\/fr\/wp-json\/wp\/v2\/types\/product"}],"replies":[{"embeddable":true,"href":"https:\/\/kerdangold.com\/fr\/wp-json\/wp\/v2\/comments?post=4314"}],"version-history":[{"count":0,"href":"https:\/\/kerdangold.com\/fr\/wp-json\/wp\/v2\/product\/4314\/revisions"}],"wp:featuredmedia":[{"embeddable":true,"href":"https:\/\/kerdangold.com\/fr\/wp-json\/wp\/v2\/media\/5351"}],"wp:attachment":[{"href":"https:\/\/kerdangold.com\/fr\/wp-json\/wp\/v2\/media?parent=4314"}],"wp:term":[{"taxonomy":"brand","embeddable":true,"href":"https:\/\/kerdangold.com\/fr\/wp-json\/wp\/v2\/etheme_brands?post=4314"},{"taxonomy":"product_brand","embeddable":true,"href":"https:\/\/kerdangold.com\/fr\/wp-json\/wp\/v2\/product_brand?post=4314"},{"taxonomy":"product_cat","embeddable":true,"href":"https:\/\/kerdangold.com\/fr\/wp-json\/wp\/v2\/product_cat?post=4314"},{"taxonomy":"product_tag","embeddable":true,"href":"https:\/\/kerdangold.com\/fr\/wp-json\/wp\/v2\/product_tag?post=4314"}],"curies":[{"name":"wp","href":"https:\/\/api.w.org\/{rel}","templated":true}]}}