{"id":4312,"date":"2025-04-15T14:48:19","date_gmt":"2025-04-15T11:48:19","guid":{"rendered":"https:\/\/kerdangold.com\/product\/collier-en-argent-arbre-bleu\/"},"modified":"2025-04-15T14:48:19","modified_gmt":"2025-04-15T11:48:19","slug":"collier-en-argent-arbre-bleu","status":"publish","type":"product","link":"https:\/\/kerdangold.com\/fr\/produit\/collier-en-argent-arbre-bleu\/","title":{"rendered":"Collier en argent arbre bleu"},"content":{"rendered":"<p>Ce collier en argent italien 925 refl\u00e8te votre attachement \u00e0 la nature. Un bijou en argent qui exprime votre personnalit\u00e9.<\/p>\n<p><img loading=\"lazy\" loading=\"lazy\" decoding=\"async\" class=\"size-medium wp-image-2903 alignright\" src=\"https:\/\/kerdangold.com\/wp-content\/uploads\/2025\/04\/Picsart_24-10-21_02-52-22-026-scaled-medium.jpg\" alt=\"\" width=\"272\" height=\"300\" srcset=\"https:\/\/kerdangold.com\/wp-content\/uploads\/2025\/04\/Picsart_24-10-21_02-52-22-026-scaled-medium.jpg 272w, https:\/\/kerdangold.com\/wp-content\/uploads\/2025\/04\/Picsart_24-10-21_02-52-22-026-scaled-large.jpg 928w, https:\/\/kerdangold.com\/wp-content\/uploads\/2025\/04\/Picsart_24-10-21_02-52-22-026-768x847.jpg 768w, https:\/\/kerdangold.com\/wp-content\/uploads\/2025\/04\/Picsart_24-10-21_02-52-22-026-1392x1536.jpg 1392w, https:\/\/kerdangold.com\/wp-content\/uploads\/2025\/04\/Picsart_24-10-21_02-52-22-026-1856x2048.jpg 1856w, https:\/\/kerdangold.com\/wp-content\/uploads\/2025\/04\/Picsart_24-10-21_02-52-22-026-600x662.jpg 600w, https:\/\/kerdangold.com\/wp-content\/uploads\/2025\/04\/Picsart_24-10-21_02-52-22-026-1x1.jpg 1w, https:\/\/kerdangold.com\/wp-content\/uploads\/2025\/04\/Picsart_24-10-21_02-52-22-026-10x10.jpg 10w\" sizes=\"auto, (max-width: 272px) 100vw, 272px\" \/><\/p>\n","protected":false},"excerpt":{"rendered":"<p>Ce collier en argent italien 925 refl\u00e8te votre attachement \u00e0 la nature. Un bijou en argent qui exprime votre personnalit\u00e9.<\/p>\n","protected":false},"featured_media":3867,"comment_status":"open","ping_status":"closed","template":"","meta":[],"etheme_brands":[{"term_id":102,"name":"Kerdan","slug":"kerdan","term_group":0,"term_taxonomy_id":102,"taxonomy":"brand","description":"","parent":0,"count":180,"filter":"raw"}],"product_brand":[],"product_cat":[145,149,190,134,147,146],"product_tag":[151],"class_list":{"0":"post-4312","1":"product","2":"type-product","3":"status-publish","4":"has-post-thumbnail","6":"brand-kerdan","7":"product_cat-anniversaire","8":"product_cat-argent-par","9":"product_cat-collection-dete","10":"product_cat-kardhan-silver","11":"product_cat-looks-de-vacances-fr","12":"product_cat-looks-de-vacances","13":"product_tag-collier","15":"first","16":"instock","17":"shipping-taxable","18":"purchasable","19":"product-type-simple"},"pure_taxonomies":{"brand":[{"term_id":102,"name":"Kerdan","slug":"kerdan","term_group":0,"term_taxonomy_id":102,"taxonomy":"brand","description":"","parent":0,"count":180,"filter":"raw","image":""}],"product_cat":[{"term_id":145,"name":"Anniversaire","slug":"anniversaire","term_group":0,"term_taxonomy_id":145,"taxonomy":"product_cat","description":"","parent":0,"count":57,"filter":"raw","image":""},{"term_id":149,"name":"Argent par","slug":"argent-par","term_group":0,"term_taxonomy_id":149,"taxonomy":"product_cat","description":"","parent":0,"count":13,"filter":"raw","image":""},{"term_id":190,"name":"collection d'\u00e9t\u00e9","slug":"collection-dete","term_group":0,"term_taxonomy_id":190,"taxonomy":"product_cat","description":"","parent":0,"count":37,"filter":"raw","image":""},{"term_id":134,"name":"Kardhan Silver","slug":"kardhan-silver","term_group":0,"term_taxonomy_id":134,"taxonomy":"product_cat","description":"","parent":0,"count":59,"filter":"raw","image":""},{"term_id":147,"name":"Looks de vacances","slug":"looks-de-vacances-fr","term_group":0,"term_taxonomy_id":147,"taxonomy":"product_cat","description":"","parent":0,"count":56,"filter":"raw","image":""},{"term_id":146,"name":"Week-end de vacances \u00e0 la maison","slug":"looks-de-vacances","term_group":0,"term_taxonomy_id":146,"taxonomy":"product_cat","description":"","parent":0,"count":51,"filter":"raw","image":""}],"product_tag":[{"term_id":151,"name":"Collier","slug":"collier","term_group":0,"term_taxonomy_id":151,"taxonomy":"product_tag","description":"","parent":0,"count":19,"filter":"raw","image":""}]},"_links":{"self":[{"href":"https:\/\/kerdangold.com\/fr\/wp-json\/wp\/v2\/product\/4312","targetHints":{"allow":["GET"]}}],"collection":[{"href":"https:\/\/kerdangold.com\/fr\/wp-json\/wp\/v2\/product"}],"about":[{"href":"https:\/\/kerdangold.com\/fr\/wp-json\/wp\/v2\/types\/product"}],"replies":[{"embeddable":true,"href":"https:\/\/kerdangold.com\/fr\/wp-json\/wp\/v2\/comments?post=4312"}],"version-history":[{"count":0,"href":"https:\/\/kerdangold.com\/fr\/wp-json\/wp\/v2\/product\/4312\/revisions"}],"wp:featuredmedia":[{"embeddable":true,"href":"https:\/\/kerdangold.com\/fr\/wp-json\/wp\/v2\/media\/3867"}],"wp:attachment":[{"href":"https:\/\/kerdangold.com\/fr\/wp-json\/wp\/v2\/media?parent=4312"}],"wp:term":[{"taxonomy":"brand","embeddable":true,"href":"https:\/\/kerdangold.com\/fr\/wp-json\/wp\/v2\/etheme_brands?post=4312"},{"taxonomy":"product_brand","embeddable":true,"href":"https:\/\/kerdangold.com\/fr\/wp-json\/wp\/v2\/product_brand?post=4312"},{"taxonomy":"product_cat","embeddable":true,"href":"https:\/\/kerdangold.com\/fr\/wp-json\/wp\/v2\/product_cat?post=4312"},{"taxonomy":"product_tag","embeddable":true,"href":"https:\/\/kerdangold.com\/fr\/wp-json\/wp\/v2\/product_tag?post=4312"}],"curies":[{"name":"wp","href":"https:\/\/api.w.org\/{rel}","templated":true}]}}