{"id":4311,"date":"2025-04-15T14:22:38","date_gmt":"2025-04-15T11:22:38","guid":{"rendered":"https:\/\/kerdangold.com\/product\/dauphin-bleu\/"},"modified":"2025-04-15T14:22:38","modified_gmt":"2025-04-15T11:22:38","slug":"dauphin-bleu","status":"publish","type":"product","link":"https:\/\/kerdangold.com\/fr\/produit\/dauphin-bleu\/","title":{"rendered":"Dauphin bleu"},"content":{"rendered":"<p>Argent italien 925 avec pierre marine pour un look estival parfait.<\/p>\n<p>Pour les amoureux de l&rsquo;argent et des \u00e9l\u00e9ments marins, ce collier est parfait pour exprimer votre personnalit\u00e9. <img loading=\"lazy\" loading=\"lazy\" decoding=\"async\" class=\"size-medium wp-image-2900 alignright\" src=\"https:\/\/kerdangold.com\/wp-content\/uploads\/2025\/04\/Picsart_24-10-21_02-03-54-782-medium.jpg\" alt=\"\" width=\"300\" height=\"300\" srcset=\"https:\/\/kerdangold.com\/wp-content\/uploads\/2025\/04\/Picsart_24-10-21_02-03-54-782-300x300.jpg 300w, https:\/\/kerdangold.com\/wp-content\/uploads\/2025\/04\/Picsart_24-10-21_02-03-54-782-large.jpg 1024w, https:\/\/kerdangold.com\/wp-content\/uploads\/2025\/04\/Picsart_24-10-21_02-03-54-782-small.jpg 150w, https:\/\/kerdangold.com\/wp-content\/uploads\/2025\/04\/Picsart_24-10-21_02-03-54-782-768x768.jpg 768w, https:\/\/kerdangold.com\/wp-content\/uploads\/2025\/04\/Picsart_24-10-21_02-03-54-782-600x600.jpg 600w, https:\/\/kerdangold.com\/wp-content\/uploads\/2025\/04\/Picsart_24-10-21_02-03-54-782-100x100.jpg 100w, https:\/\/kerdangold.com\/wp-content\/uploads\/2025\/04\/Picsart_24-10-21_02-03-54-782-1x1.jpg 1w, https:\/\/kerdangold.com\/wp-content\/uploads\/2025\/04\/Picsart_24-10-21_02-03-54-782-10x10.jpg 10w, https:\/\/kerdangold.com\/wp-content\/uploads\/2025\/04\/Picsart_24-10-21_02-03-54-782.jpg 1080w\" sizes=\"auto, (max-width: 300px) 100vw, 300px\" \/><\/p>\n<p>&nbsp;<\/p>\n","protected":false},"excerpt":{"rendered":"<p>Argent italien 925 avec pierre marine pour un look estival parfait. Pour les amoureux de l&rsquo;argent et des \u00e9l\u00e9ments marins, ce collier est parfait pour&#8230;<\/p>\n","protected":false},"featured_media":5362,"comment_status":"open","ping_status":"closed","template":"","meta":[],"etheme_brands":[{"term_id":102,"name":"Kerdan","slug":"kerdan","term_group":0,"term_taxonomy_id":102,"taxonomy":"brand","description":"","parent":0,"count":180,"filter":"raw"}],"product_brand":[],"product_cat":[145,190,135,134,147,146],"product_tag":[151],"class_list":{"0":"post-4311","1":"product","2":"type-product","3":"status-publish","4":"has-post-thumbnail","6":"brand-kerdan","7":"product_cat-anniversaire","8":"product_cat-collection-dete","9":"product_cat-kardhan-hammerhead","10":"product_cat-kardhan-silver","11":"product_cat-looks-de-vacances-fr","12":"product_cat-looks-de-vacances","13":"product_tag-collier","15":"first","16":"instock","17":"shipping-taxable","18":"purchasable","19":"product-type-simple"},"pure_taxonomies":{"brand":[{"term_id":102,"name":"Kerdan","slug":"kerdan","term_group":0,"term_taxonomy_id":102,"taxonomy":"brand","description":"","parent":0,"count":180,"filter":"raw","image":""}],"product_cat":[{"term_id":145,"name":"Anniversaire","slug":"anniversaire","term_group":0,"term_taxonomy_id":145,"taxonomy":"product_cat","description":"","parent":0,"count":57,"filter":"raw","image":""},{"term_id":190,"name":"collection d'\u00e9t\u00e9","slug":"collection-dete","term_group":0,"term_taxonomy_id":190,"taxonomy":"product_cat","description":"","parent":0,"count":37,"filter":"raw","image":""},{"term_id":135,"name":"Kardhan Hammerhead","slug":"kardhan-hammerhead","term_group":0,"term_taxonomy_id":135,"taxonomy":"product_cat","description":"","parent":0,"count":43,"filter":"raw","image":""},{"term_id":134,"name":"Kardhan Silver","slug":"kardhan-silver","term_group":0,"term_taxonomy_id":134,"taxonomy":"product_cat","description":"","parent":0,"count":59,"filter":"raw","image":""},{"term_id":147,"name":"Looks de vacances","slug":"looks-de-vacances-fr","term_group":0,"term_taxonomy_id":147,"taxonomy":"product_cat","description":"","parent":0,"count":56,"filter":"raw","image":""},{"term_id":146,"name":"Week-end de vacances \u00e0 la maison","slug":"looks-de-vacances","term_group":0,"term_taxonomy_id":146,"taxonomy":"product_cat","description":"","parent":0,"count":51,"filter":"raw","image":""}],"product_tag":[{"term_id":151,"name":"Collier","slug":"collier","term_group":0,"term_taxonomy_id":151,"taxonomy":"product_tag","description":"","parent":0,"count":19,"filter":"raw","image":""}]},"_links":{"self":[{"href":"https:\/\/kerdangold.com\/fr\/wp-json\/wp\/v2\/product\/4311","targetHints":{"allow":["GET"]}}],"collection":[{"href":"https:\/\/kerdangold.com\/fr\/wp-json\/wp\/v2\/product"}],"about":[{"href":"https:\/\/kerdangold.com\/fr\/wp-json\/wp\/v2\/types\/product"}],"replies":[{"embeddable":true,"href":"https:\/\/kerdangold.com\/fr\/wp-json\/wp\/v2\/comments?post=4311"}],"version-history":[{"count":0,"href":"https:\/\/kerdangold.com\/fr\/wp-json\/wp\/v2\/product\/4311\/revisions"}],"wp:featuredmedia":[{"embeddable":true,"href":"https:\/\/kerdangold.com\/fr\/wp-json\/wp\/v2\/media\/5362"}],"wp:attachment":[{"href":"https:\/\/kerdangold.com\/fr\/wp-json\/wp\/v2\/media?parent=4311"}],"wp:term":[{"taxonomy":"brand","embeddable":true,"href":"https:\/\/kerdangold.com\/fr\/wp-json\/wp\/v2\/etheme_brands?post=4311"},{"taxonomy":"product_brand","embeddable":true,"href":"https:\/\/kerdangold.com\/fr\/wp-json\/wp\/v2\/product_brand?post=4311"},{"taxonomy":"product_cat","embeddable":true,"href":"https:\/\/kerdangold.com\/fr\/wp-json\/wp\/v2\/product_cat?post=4311"},{"taxonomy":"product_tag","embeddable":true,"href":"https:\/\/kerdangold.com\/fr\/wp-json\/wp\/v2\/product_tag?post=4311"}],"curies":[{"name":"wp","href":"https:\/\/api.w.org\/{rel}","templated":true}]}}