{"id":4306,"date":"2025-04-14T18:30:50","date_gmt":"2025-04-14T15:30:50","guid":{"rendered":"https:\/\/kerdangold.com\/product\/rayons-de-bleu\/"},"modified":"2025-04-14T18:30:50","modified_gmt":"2025-04-14T15:30:50","slug":"rayons-de-bleu","status":"publish","type":"product","link":"https:\/\/kerdangold.com\/fr\/produit\/rayons-de-bleu\/","title":{"rendered":"Rayons de bleu"},"content":{"rendered":"<p><img loading=\"lazy\" loading=\"lazy\" decoding=\"async\" class=\"size-medium wp-image-2881 alignright\" src=\"https:\/\/kerdangold.com\/wp-content\/uploads\/2025\/04\/Picsart_24-10-21_03-06-48-018-medium.jpg\" alt=\"\" width=\"300\" height=\"226\" srcset=\"https:\/\/kerdangold.com\/wp-content\/uploads\/2025\/04\/Picsart_24-10-21_03-06-48-018-medium.jpg 300w, https:\/\/kerdangold.com\/wp-content\/uploads\/2025\/04\/Picsart_24-10-21_03-06-48-018-large.jpg 1024w, https:\/\/kerdangold.com\/wp-content\/uploads\/2025\/04\/Picsart_24-10-21_03-06-48-018-768x579.jpg 768w, https:\/\/kerdangold.com\/wp-content\/uploads\/2025\/04\/Picsart_24-10-21_03-06-48-018-1536x1157.jpg 1536w, https:\/\/kerdangold.com\/wp-content\/uploads\/2025\/04\/Picsart_24-10-21_03-06-48-018-2048x1543.jpg 2048w, https:\/\/kerdangold.com\/wp-content\/uploads\/2025\/04\/Picsart_24-10-21_03-06-48-018-600x452.jpg 600w, https:\/\/kerdangold.com\/wp-content\/uploads\/2025\/04\/Picsart_24-10-21_03-06-48-018-1x1.jpg 1w, https:\/\/kerdangold.com\/wp-content\/uploads\/2025\/04\/Picsart_24-10-21_03-06-48-018-10x8.jpg 10w\" sizes=\"auto, (max-width: 300px) 100vw, 300px\" \/>L&rsquo;un de nos colliers grecs uniques, en argent fin italien 925, pour exprimer votre personnalit\u00e9 unique pour l&rsquo;\u00e9t\u00e9<\/p>\n","protected":false},"excerpt":{"rendered":"<p>L&rsquo;un de nos colliers grecs uniques, en argent fin italien 925, pour exprimer votre personnalit\u00e9 unique pour l&rsquo;\u00e9t\u00e9<\/p>\n","protected":false},"featured_media":3853,"comment_status":"open","ping_status":"closed","template":"","meta":[],"etheme_brands":[{"term_id":102,"name":"Kerdan","slug":"kerdan","term_group":0,"term_taxonomy_id":102,"taxonomy":"brand","description":"","parent":0,"count":180,"filter":"raw"}],"product_brand":[],"product_cat":[145,190,135,134,148,147,146],"product_tag":[151],"class_list":{"0":"post-4306","1":"product","2":"type-product","3":"status-publish","4":"has-post-thumbnail","6":"brand-kerdan","7":"product_cat-anniversaire","8":"product_cat-collection-dete","9":"product_cat-kardhan-hammerhead","10":"product_cat-kardhan-silver","11":"product_cat-les-essentiels-du-quotidien","12":"product_cat-looks-de-vacances-fr","13":"product_cat-looks-de-vacances","14":"product_tag-collier","16":"first","17":"instock","18":"shipping-taxable","19":"product-type-simple"},"pure_taxonomies":{"brand":[{"term_id":102,"name":"Kerdan","slug":"kerdan","term_group":0,"term_taxonomy_id":102,"taxonomy":"brand","description":"","parent":0,"count":180,"filter":"raw","image":""}],"product_cat":[{"term_id":145,"name":"Anniversaire","slug":"anniversaire","term_group":0,"term_taxonomy_id":145,"taxonomy":"product_cat","description":"","parent":0,"count":57,"filter":"raw","image":""},{"term_id":190,"name":"collection d'\u00e9t\u00e9","slug":"collection-dete","term_group":0,"term_taxonomy_id":190,"taxonomy":"product_cat","description":"","parent":0,"count":37,"filter":"raw","image":""},{"term_id":135,"name":"Kardhan Hammerhead","slug":"kardhan-hammerhead","term_group":0,"term_taxonomy_id":135,"taxonomy":"product_cat","description":"","parent":0,"count":43,"filter":"raw","image":""},{"term_id":134,"name":"Kardhan Silver","slug":"kardhan-silver","term_group":0,"term_taxonomy_id":134,"taxonomy":"product_cat","description":"","parent":0,"count":59,"filter":"raw","image":""},{"term_id":148,"name":"Les essentiels du quotidien","slug":"les-essentiels-du-quotidien","term_group":0,"term_taxonomy_id":148,"taxonomy":"product_cat","description":"","parent":0,"count":57,"filter":"raw","image":""},{"term_id":147,"name":"Looks de vacances","slug":"looks-de-vacances-fr","term_group":0,"term_taxonomy_id":147,"taxonomy":"product_cat","description":"","parent":0,"count":56,"filter":"raw","image":""},{"term_id":146,"name":"Week-end de vacances \u00e0 la maison","slug":"looks-de-vacances","term_group":0,"term_taxonomy_id":146,"taxonomy":"product_cat","description":"","parent":0,"count":51,"filter":"raw","image":""}],"product_tag":[{"term_id":151,"name":"Collier","slug":"collier","term_group":0,"term_taxonomy_id":151,"taxonomy":"product_tag","description":"","parent":0,"count":19,"filter":"raw","image":""}]},"_links":{"self":[{"href":"https:\/\/kerdangold.com\/fr\/wp-json\/wp\/v2\/product\/4306","targetHints":{"allow":["GET"]}}],"collection":[{"href":"https:\/\/kerdangold.com\/fr\/wp-json\/wp\/v2\/product"}],"about":[{"href":"https:\/\/kerdangold.com\/fr\/wp-json\/wp\/v2\/types\/product"}],"replies":[{"embeddable":true,"href":"https:\/\/kerdangold.com\/fr\/wp-json\/wp\/v2\/comments?post=4306"}],"version-history":[{"count":0,"href":"https:\/\/kerdangold.com\/fr\/wp-json\/wp\/v2\/product\/4306\/revisions"}],"wp:featuredmedia":[{"embeddable":true,"href":"https:\/\/kerdangold.com\/fr\/wp-json\/wp\/v2\/media\/3853"}],"wp:attachment":[{"href":"https:\/\/kerdangold.com\/fr\/wp-json\/wp\/v2\/media?parent=4306"}],"wp:term":[{"taxonomy":"brand","embeddable":true,"href":"https:\/\/kerdangold.com\/fr\/wp-json\/wp\/v2\/etheme_brands?post=4306"},{"taxonomy":"product_brand","embeddable":true,"href":"https:\/\/kerdangold.com\/fr\/wp-json\/wp\/v2\/product_brand?post=4306"},{"taxonomy":"product_cat","embeddable":true,"href":"https:\/\/kerdangold.com\/fr\/wp-json\/wp\/v2\/product_cat?post=4306"},{"taxonomy":"product_tag","embeddable":true,"href":"https:\/\/kerdangold.com\/fr\/wp-json\/wp\/v2\/product_tag?post=4306"}],"curies":[{"name":"wp","href":"https:\/\/api.w.org\/{rel}","templated":true}]}}