{"id":4305,"date":"2025-04-14T18:09:19","date_gmt":"2025-04-14T15:09:19","guid":{"rendered":"https:\/\/kerdangold.com\/product\/collier-grec-en-argent\/"},"modified":"2025-04-14T18:09:19","modified_gmt":"2025-04-14T15:09:19","slug":"collier-grec-en-argent","status":"publish","type":"product","link":"https:\/\/kerdangold.com\/fr\/produit\/collier-grec-en-argent\/","title":{"rendered":"Collier grec en argent"},"content":{"rendered":"<p>un collier au design grec sp\u00e9cial, fabriqu\u00e9 en argent fin italien 925 pour compl\u00e9ter votre look d&rsquo;\u00e9t\u00e9 m\u00e9diterran\u00e9en parfait<\/p>\n","protected":false},"excerpt":{"rendered":"<p>un collier au design grec sp\u00e9cial, fabriqu\u00e9 en argent fin italien 925 pour compl\u00e9ter votre look d&rsquo;\u00e9t\u00e9 m\u00e9diterran\u00e9en parfait<\/p>\n","protected":false},"featured_media":3851,"comment_status":"open","ping_status":"closed","template":"","meta":[],"etheme_brands":[],"product_brand":[],"product_cat":[190,134],"product_tag":[],"class_list":{"0":"post-4305","1":"product","2":"type-product","3":"status-publish","4":"has-post-thumbnail","6":"product_cat-collection-dete","7":"product_cat-kardhan-silver","9":"first","10":"instock","11":"shipping-taxable","12":"purchasable","13":"product-type-simple"},"pure_taxonomies":{"product_cat":[{"term_id":190,"name":"collection d'\u00e9t\u00e9","slug":"collection-dete","term_group":0,"term_taxonomy_id":190,"taxonomy":"product_cat","description":"","parent":0,"count":37,"filter":"raw","image":""},{"term_id":134,"name":"Kardhan Silver","slug":"kardhan-silver","term_group":0,"term_taxonomy_id":134,"taxonomy":"product_cat","description":"","parent":0,"count":59,"filter":"raw","image":""}]},"_links":{"self":[{"href":"https:\/\/kerdangold.com\/fr\/wp-json\/wp\/v2\/product\/4305","targetHints":{"allow":["GET"]}}],"collection":[{"href":"https:\/\/kerdangold.com\/fr\/wp-json\/wp\/v2\/product"}],"about":[{"href":"https:\/\/kerdangold.com\/fr\/wp-json\/wp\/v2\/types\/product"}],"replies":[{"embeddable":true,"href":"https:\/\/kerdangold.com\/fr\/wp-json\/wp\/v2\/comments?post=4305"}],"version-history":[{"count":0,"href":"https:\/\/kerdangold.com\/fr\/wp-json\/wp\/v2\/product\/4305\/revisions"}],"wp:featuredmedia":[{"embeddable":true,"href":"https:\/\/kerdangold.com\/fr\/wp-json\/wp\/v2\/media\/3851"}],"wp:attachment":[{"href":"https:\/\/kerdangold.com\/fr\/wp-json\/wp\/v2\/media?parent=4305"}],"wp:term":[{"taxonomy":"brand","embeddable":true,"href":"https:\/\/kerdangold.com\/fr\/wp-json\/wp\/v2\/etheme_brands?post=4305"},{"taxonomy":"product_brand","embeddable":true,"href":"https:\/\/kerdangold.com\/fr\/wp-json\/wp\/v2\/product_brand?post=4305"},{"taxonomy":"product_cat","embeddable":true,"href":"https:\/\/kerdangold.com\/fr\/wp-json\/wp\/v2\/product_cat?post=4305"},{"taxonomy":"product_tag","embeddable":true,"href":"https:\/\/kerdangold.com\/fr\/wp-json\/wp\/v2\/product_tag?post=4305"}],"curies":[{"name":"wp","href":"https:\/\/api.w.org\/{rel}","templated":true}]}}