{"id":4303,"date":"2025-04-14T17:14:24","date_gmt":"2025-04-14T14:14:24","guid":{"rendered":"https:\/\/kerdangold.com\/product\/ensemble-tactile-oiseau-argente\/"},"modified":"2025-04-14T17:14:24","modified_gmt":"2025-04-14T14:14:24","slug":"ensemble-tactile-oiseau-argente","status":"publish","type":"product","link":"https:\/\/kerdangold.com\/fr\/produit\/ensemble-tactile-oiseau-argente\/","title":{"rendered":"ensemble tactile oiseau argent\u00e9"},"content":{"rendered":"<p>Ensemble collier et boucles d&rsquo;oreilles en argent italien 925 fin, fa\u00e7onnant l&rsquo;une des plumes d&rsquo;oiseau les plus d\u00e9licates, reliant votre \u00e2me \u00e0 la nature.<\/p>\n<p>Parfait pour un look printanier et estival.<\/p>\n<p>&nbsp;<\/p>\n","protected":false},"excerpt":{"rendered":"<p>Ensemble collier et boucles d&rsquo;oreilles en argent italien 925 fin, fa\u00e7onnant l&rsquo;une des plumes d&rsquo;oiseau les plus d\u00e9licates, reliant votre \u00e2me \u00e0 la nature. Parfait&#8230;<\/p>\n","protected":false},"featured_media":5460,"comment_status":"open","ping_status":"closed","template":"","meta":[],"etheme_brands":[],"product_brand":[],"product_cat":[145,149,190,189,135,134,148,147,160,146],"product_tag":[174],"class_list":{"0":"post-4303","1":"product","2":"type-product","3":"status-publish","4":"has-post-thumbnail","6":"product_cat-anniversaire","7":"product_cat-argent-par","8":"product_cat-collection-dete","9":"product_cat-forfaits","10":"product_cat-kardhan-hammerhead","11":"product_cat-kardhan-silver","12":"product_cat-les-essentiels-du-quotidien","13":"product_cat-looks-de-vacances-fr","14":"product_cat-soiree-en-amoureux","15":"product_cat-looks-de-vacances","16":"product_tag-best-seller-fr","18":"first","19":"instock","20":"shipping-taxable","21":"purchasable","22":"product-type-simple"},"pure_taxonomies":{"product_cat":[{"term_id":145,"name":"Anniversaire","slug":"anniversaire","term_group":0,"term_taxonomy_id":145,"taxonomy":"product_cat","description":"","parent":0,"count":57,"filter":"raw","image":""},{"term_id":149,"name":"Argent par","slug":"argent-par","term_group":0,"term_taxonomy_id":149,"taxonomy":"product_cat","description":"","parent":0,"count":13,"filter":"raw","image":""},{"term_id":190,"name":"collection d'\u00e9t\u00e9","slug":"collection-dete","term_group":0,"term_taxonomy_id":190,"taxonomy":"product_cat","description":"","parent":0,"count":37,"filter":"raw","image":""},{"term_id":189,"name":"Forfaits","slug":"forfaits","term_group":0,"term_taxonomy_id":189,"taxonomy":"product_cat","description":"","parent":0,"count":10,"filter":"raw","image":""},{"term_id":135,"name":"Kardhan Hammerhead","slug":"kardhan-hammerhead","term_group":0,"term_taxonomy_id":135,"taxonomy":"product_cat","description":"","parent":0,"count":43,"filter":"raw","image":""},{"term_id":134,"name":"Kardhan Silver","slug":"kardhan-silver","term_group":0,"term_taxonomy_id":134,"taxonomy":"product_cat","description":"","parent":0,"count":59,"filter":"raw","image":""},{"term_id":148,"name":"Les essentiels du quotidien","slug":"les-essentiels-du-quotidien","term_group":0,"term_taxonomy_id":148,"taxonomy":"product_cat","description":"","parent":0,"count":57,"filter":"raw","image":""},{"term_id":147,"name":"Looks de vacances","slug":"looks-de-vacances-fr","term_group":0,"term_taxonomy_id":147,"taxonomy":"product_cat","description":"","parent":0,"count":56,"filter":"raw","image":""},{"term_id":160,"name":"Soir\u00e9e en amoureux","slug":"soiree-en-amoureux","term_group":0,"term_taxonomy_id":160,"taxonomy":"product_cat","description":"","parent":0,"count":21,"filter":"raw","image":""},{"term_id":146,"name":"Week-end de vacances \u00e0 la maison","slug":"looks-de-vacances","term_group":0,"term_taxonomy_id":146,"taxonomy":"product_cat","description":"","parent":0,"count":51,"filter":"raw","image":""}],"product_tag":[{"term_id":174,"name":"best-seller","slug":"best-seller-fr","term_group":0,"term_taxonomy_id":174,"taxonomy":"product_tag","description":"","parent":0,"count":22,"filter":"raw","image":""}]},"_links":{"self":[{"href":"https:\/\/kerdangold.com\/fr\/wp-json\/wp\/v2\/product\/4303","targetHints":{"allow":["GET"]}}],"collection":[{"href":"https:\/\/kerdangold.com\/fr\/wp-json\/wp\/v2\/product"}],"about":[{"href":"https:\/\/kerdangold.com\/fr\/wp-json\/wp\/v2\/types\/product"}],"replies":[{"embeddable":true,"href":"https:\/\/kerdangold.com\/fr\/wp-json\/wp\/v2\/comments?post=4303"}],"version-history":[{"count":0,"href":"https:\/\/kerdangold.com\/fr\/wp-json\/wp\/v2\/product\/4303\/revisions"}],"wp:featuredmedia":[{"embeddable":true,"href":"https:\/\/kerdangold.com\/fr\/wp-json\/wp\/v2\/media\/5460"}],"wp:attachment":[{"href":"https:\/\/kerdangold.com\/fr\/wp-json\/wp\/v2\/media?parent=4303"}],"wp:term":[{"taxonomy":"brand","embeddable":true,"href":"https:\/\/kerdangold.com\/fr\/wp-json\/wp\/v2\/etheme_brands?post=4303"},{"taxonomy":"product_brand","embeddable":true,"href":"https:\/\/kerdangold.com\/fr\/wp-json\/wp\/v2\/product_brand?post=4303"},{"taxonomy":"product_cat","embeddable":true,"href":"https:\/\/kerdangold.com\/fr\/wp-json\/wp\/v2\/product_cat?post=4303"},{"taxonomy":"product_tag","embeddable":true,"href":"https:\/\/kerdangold.com\/fr\/wp-json\/wp\/v2\/product_tag?post=4303"}],"curies":[{"name":"wp","href":"https:\/\/api.w.org\/{rel}","templated":true}]}}