{"id":4302,"date":"2025-04-14T16:44:40","date_gmt":"2025-04-14T13:44:40","guid":{"rendered":"https:\/\/kerdangold.com\/product\/bouclier-dargent-viking\/"},"modified":"2025-04-14T16:44:40","modified_gmt":"2025-04-14T13:44:40","slug":"bouclier-dargent-viking","status":"publish","type":"product","link":"https:\/\/kerdangold.com\/fr\/produit\/bouclier-dargent-viking\/","title":{"rendered":"Bouclier d&rsquo;argent viking"},"content":{"rendered":"<p>Argent italien 925, le bouclier spirituel viking le plus populaire.<\/p>\n<p>Parfait pour une \u00e2me unique lors d&rsquo;un \u00e9t\u00e9 chaud. <img loading=\"lazy\" loading=\"lazy\" decoding=\"async\" class=\"size-medium wp-image-2853 alignright\" src=\"https:\/\/kerdangold.com\/wp-content\/uploads\/2025\/04\/Picsart_24-10-21_01-48-50-025-scaled-medium.jpg\" alt=\"\" width=\"300\" height=\"264\" srcset=\"https:\/\/kerdangold.com\/wp-content\/uploads\/2025\/04\/Picsart_24-10-21_01-48-50-025-scaled-medium.jpg 300w, https:\/\/kerdangold.com\/wp-content\/uploads\/2025\/04\/Picsart_24-10-21_01-48-50-025-scaled-large.jpg 1024w, https:\/\/kerdangold.com\/wp-content\/uploads\/2025\/04\/Picsart_24-10-21_01-48-50-025-768x677.jpg 768w, https:\/\/kerdangold.com\/wp-content\/uploads\/2025\/04\/Picsart_24-10-21_01-48-50-025-1536x1353.jpg 1536w, https:\/\/kerdangold.com\/wp-content\/uploads\/2025\/04\/Picsart_24-10-21_01-48-50-025-2048x1805.jpg 2048w, https:\/\/kerdangold.com\/wp-content\/uploads\/2025\/04\/Picsart_24-10-21_01-48-50-025-600x529.jpg 600w, https:\/\/kerdangold.com\/wp-content\/uploads\/2025\/04\/Picsart_24-10-21_01-48-50-025-1x1.jpg 1w, https:\/\/kerdangold.com\/wp-content\/uploads\/2025\/04\/Picsart_24-10-21_01-48-50-025-10x10.jpg 10w\" sizes=\"auto, (max-width: 300px) 100vw, 300px\" \/><\/p>\n","protected":false},"excerpt":{"rendered":"<p>Argent italien 925, le bouclier spirituel viking le plus populaire. Parfait pour une \u00e2me unique lors d&rsquo;un \u00e9t\u00e9 chaud.<\/p>\n","protected":false},"featured_media":5466,"comment_status":"open","ping_status":"closed","template":"","meta":[],"etheme_brands":[{"term_id":102,"name":"Kerdan","slug":"kerdan","term_group":0,"term_taxonomy_id":102,"taxonomy":"brand","description":"","parent":0,"count":180,"filter":"raw"}],"product_brand":[],"product_cat":[145,149,190,135,134,148,147,160],"product_tag":[151],"class_list":{"0":"post-4302","1":"product","2":"type-product","3":"status-publish","4":"has-post-thumbnail","6":"brand-kerdan","7":"product_cat-anniversaire","8":"product_cat-argent-par","9":"product_cat-collection-dete","10":"product_cat-kardhan-hammerhead","11":"product_cat-kardhan-silver","12":"product_cat-les-essentiels-du-quotidien","13":"product_cat-looks-de-vacances-fr","14":"product_cat-soiree-en-amoureux","15":"product_tag-collier","17":"first","18":"instock","19":"shipping-taxable","20":"purchasable","21":"product-type-simple"},"pure_taxonomies":{"brand":[{"term_id":102,"name":"Kerdan","slug":"kerdan","term_group":0,"term_taxonomy_id":102,"taxonomy":"brand","description":"","parent":0,"count":180,"filter":"raw","image":""}],"product_cat":[{"term_id":145,"name":"Anniversaire","slug":"anniversaire","term_group":0,"term_taxonomy_id":145,"taxonomy":"product_cat","description":"","parent":0,"count":57,"filter":"raw","image":""},{"term_id":149,"name":"Argent par","slug":"argent-par","term_group":0,"term_taxonomy_id":149,"taxonomy":"product_cat","description":"","parent":0,"count":13,"filter":"raw","image":""},{"term_id":190,"name":"collection d'\u00e9t\u00e9","slug":"collection-dete","term_group":0,"term_taxonomy_id":190,"taxonomy":"product_cat","description":"","parent":0,"count":37,"filter":"raw","image":""},{"term_id":135,"name":"Kardhan Hammerhead","slug":"kardhan-hammerhead","term_group":0,"term_taxonomy_id":135,"taxonomy":"product_cat","description":"","parent":0,"count":43,"filter":"raw","image":""},{"term_id":134,"name":"Kardhan Silver","slug":"kardhan-silver","term_group":0,"term_taxonomy_id":134,"taxonomy":"product_cat","description":"","parent":0,"count":59,"filter":"raw","image":""},{"term_id":148,"name":"Les essentiels du quotidien","slug":"les-essentiels-du-quotidien","term_group":0,"term_taxonomy_id":148,"taxonomy":"product_cat","description":"","parent":0,"count":57,"filter":"raw","image":""},{"term_id":147,"name":"Looks de vacances","slug":"looks-de-vacances-fr","term_group":0,"term_taxonomy_id":147,"taxonomy":"product_cat","description":"","parent":0,"count":56,"filter":"raw","image":""},{"term_id":160,"name":"Soir\u00e9e en amoureux","slug":"soiree-en-amoureux","term_group":0,"term_taxonomy_id":160,"taxonomy":"product_cat","description":"","parent":0,"count":21,"filter":"raw","image":""}],"product_tag":[{"term_id":151,"name":"Collier","slug":"collier","term_group":0,"term_taxonomy_id":151,"taxonomy":"product_tag","description":"","parent":0,"count":19,"filter":"raw","image":""}]},"_links":{"self":[{"href":"https:\/\/kerdangold.com\/fr\/wp-json\/wp\/v2\/product\/4302","targetHints":{"allow":["GET"]}}],"collection":[{"href":"https:\/\/kerdangold.com\/fr\/wp-json\/wp\/v2\/product"}],"about":[{"href":"https:\/\/kerdangold.com\/fr\/wp-json\/wp\/v2\/types\/product"}],"replies":[{"embeddable":true,"href":"https:\/\/kerdangold.com\/fr\/wp-json\/wp\/v2\/comments?post=4302"}],"version-history":[{"count":0,"href":"https:\/\/kerdangold.com\/fr\/wp-json\/wp\/v2\/product\/4302\/revisions"}],"wp:featuredmedia":[{"embeddable":true,"href":"https:\/\/kerdangold.com\/fr\/wp-json\/wp\/v2\/media\/5466"}],"wp:attachment":[{"href":"https:\/\/kerdangold.com\/fr\/wp-json\/wp\/v2\/media?parent=4302"}],"wp:term":[{"taxonomy":"brand","embeddable":true,"href":"https:\/\/kerdangold.com\/fr\/wp-json\/wp\/v2\/etheme_brands?post=4302"},{"taxonomy":"product_brand","embeddable":true,"href":"https:\/\/kerdangold.com\/fr\/wp-json\/wp\/v2\/product_brand?post=4302"},{"taxonomy":"product_cat","embeddable":true,"href":"https:\/\/kerdangold.com\/fr\/wp-json\/wp\/v2\/product_cat?post=4302"},{"taxonomy":"product_tag","embeddable":true,"href":"https:\/\/kerdangold.com\/fr\/wp-json\/wp\/v2\/product_tag?post=4302"}],"curies":[{"name":"wp","href":"https:\/\/api.w.org\/{rel}","templated":true}]}}