{"id":4277,"date":"2024-08-07T09:53:17","date_gmt":"2024-08-07T06:53:17","guid":{"rendered":"https:\/\/kerdangold.com\/product\/arbre-a-main\/"},"modified":"2024-08-07T09:53:17","modified_gmt":"2024-08-07T06:53:17","slug":"arbre-a-main","status":"publish","type":"product","link":"https:\/\/kerdangold.com\/fr\/produit\/arbre-a-main\/","title":{"rendered":"Arbre \u00e0 main"},"content":{"rendered":"<p>L&rsquo;arbre \u00e0 main en or 18 carats est l&rsquo;un des bracelets \u00e0 main uniques de Kerdan<\/p>\n","protected":false},"excerpt":{"rendered":"<p>L&rsquo;arbre \u00e0 main en or 18 carats est l&rsquo;un des bracelets \u00e0 main uniques de Kerdan<\/p>\n","protected":false},"featured_media":0,"comment_status":"open","ping_status":"closed","template":"","meta":[],"etheme_brands":[],"product_brand":[],"product_cat":[191,138],"product_tag":[],"class_list":{"0":"post-4277","1":"product","2":"type-product","3":"status-publish","5":"product_cat-kerdan-arabe-fr","6":"product_cat-kerdan-or","8":"first","9":"instock","10":"shipping-taxable","11":"purchasable","12":"product-type-simple"},"pure_taxonomies":{"product_cat":[{"term_id":191,"name":"Kerdan arabe","slug":"kerdan-arabe-fr","term_group":0,"term_taxonomy_id":191,"taxonomy":"product_cat","description":"","parent":0,"count":1,"filter":"raw","image":""},{"term_id":138,"name":"Kerdan Or","slug":"kerdan-or","term_group":0,"term_taxonomy_id":138,"taxonomy":"product_cat","description":"","parent":0,"count":19,"filter":"raw","image":""}]},"_links":{"self":[{"href":"https:\/\/kerdangold.com\/fr\/wp-json\/wp\/v2\/product\/4277","targetHints":{"allow":["GET"]}}],"collection":[{"href":"https:\/\/kerdangold.com\/fr\/wp-json\/wp\/v2\/product"}],"about":[{"href":"https:\/\/kerdangold.com\/fr\/wp-json\/wp\/v2\/types\/product"}],"replies":[{"embeddable":true,"href":"https:\/\/kerdangold.com\/fr\/wp-json\/wp\/v2\/comments?post=4277"}],"version-history":[{"count":0,"href":"https:\/\/kerdangold.com\/fr\/wp-json\/wp\/v2\/product\/4277\/revisions"}],"wp:attachment":[{"href":"https:\/\/kerdangold.com\/fr\/wp-json\/wp\/v2\/media?parent=4277"}],"wp:term":[{"taxonomy":"brand","embeddable":true,"href":"https:\/\/kerdangold.com\/fr\/wp-json\/wp\/v2\/etheme_brands?post=4277"},{"taxonomy":"product_brand","embeddable":true,"href":"https:\/\/kerdangold.com\/fr\/wp-json\/wp\/v2\/product_brand?post=4277"},{"taxonomy":"product_cat","embeddable":true,"href":"https:\/\/kerdangold.com\/fr\/wp-json\/wp\/v2\/product_cat?post=4277"},{"taxonomy":"product_tag","embeddable":true,"href":"https:\/\/kerdangold.com\/fr\/wp-json\/wp\/v2\/product_tag?post=4277"}],"curies":[{"name":"wp","href":"https:\/\/api.w.org\/{rel}","templated":true}]}}