{"id":4219,"date":"2024-06-06T14:47:41","date_gmt":"2024-06-06T11:47:41","guid":{"rendered":"https:\/\/kerdangold.com\/product\/elegance-bleue\/"},"modified":"2024-06-06T14:47:41","modified_gmt":"2024-06-06T11:47:41","slug":"elegance-bleue","status":"publish","type":"product","link":"https:\/\/kerdangold.com\/fr\/produit\/elegance-bleue\/","title":{"rendered":"\u00c9l\u00e9gance bleue"},"content":{"rendered":"<p>\u00c9l\u00e9gance bleue. L&rsquo;un des plus beaux mod\u00e8les en argent italien, plaqu\u00e9 or blanc italien 18 carats<\/p>\n","protected":false},"excerpt":{"rendered":"<p>\u00c9l\u00e9gance bleue. L&rsquo;un des plus beaux mod\u00e8les en argent italien, plaqu\u00e9 or blanc italien 18 carats<\/p>\n","protected":false},"featured_media":3715,"comment_status":"open","ping_status":"closed","template":"","meta":[],"etheme_brands":[{"term_id":102,"name":"Kerdan","slug":"kerdan","term_group":0,"term_taxonomy_id":102,"taxonomy":"brand","description":"","parent":0,"count":180,"filter":"raw"}],"product_brand":[],"product_cat":[135,134],"product_tag":[],"class_list":{"0":"post-4219","1":"product","2":"type-product","3":"status-publish","4":"has-post-thumbnail","6":"brand-kerdan","7":"product_cat-kardhan-hammerhead","8":"product_cat-kardhan-silver","10":"first","11":"instock","12":"shipping-taxable","13":"purchasable","14":"product-type-simple"},"pure_taxonomies":{"brand":[{"term_id":102,"name":"Kerdan","slug":"kerdan","term_group":0,"term_taxonomy_id":102,"taxonomy":"brand","description":"","parent":0,"count":180,"filter":"raw","image":""}],"product_cat":[{"term_id":135,"name":"Kardhan Hammerhead","slug":"kardhan-hammerhead","term_group":0,"term_taxonomy_id":135,"taxonomy":"product_cat","description":"","parent":0,"count":43,"filter":"raw","image":""},{"term_id":134,"name":"Kardhan Silver","slug":"kardhan-silver","term_group":0,"term_taxonomy_id":134,"taxonomy":"product_cat","description":"","parent":0,"count":59,"filter":"raw","image":""}]},"_links":{"self":[{"href":"https:\/\/kerdangold.com\/fr\/wp-json\/wp\/v2\/product\/4219","targetHints":{"allow":["GET"]}}],"collection":[{"href":"https:\/\/kerdangold.com\/fr\/wp-json\/wp\/v2\/product"}],"about":[{"href":"https:\/\/kerdangold.com\/fr\/wp-json\/wp\/v2\/types\/product"}],"replies":[{"embeddable":true,"href":"https:\/\/kerdangold.com\/fr\/wp-json\/wp\/v2\/comments?post=4219"}],"version-history":[{"count":0,"href":"https:\/\/kerdangold.com\/fr\/wp-json\/wp\/v2\/product\/4219\/revisions"}],"wp:featuredmedia":[{"embeddable":true,"href":"https:\/\/kerdangold.com\/fr\/wp-json\/wp\/v2\/media\/3715"}],"wp:attachment":[{"href":"https:\/\/kerdangold.com\/fr\/wp-json\/wp\/v2\/media?parent=4219"}],"wp:term":[{"taxonomy":"brand","embeddable":true,"href":"https:\/\/kerdangold.com\/fr\/wp-json\/wp\/v2\/etheme_brands?post=4219"},{"taxonomy":"product_brand","embeddable":true,"href":"https:\/\/kerdangold.com\/fr\/wp-json\/wp\/v2\/product_brand?post=4219"},{"taxonomy":"product_cat","embeddable":true,"href":"https:\/\/kerdangold.com\/fr\/wp-json\/wp\/v2\/product_cat?post=4219"},{"taxonomy":"product_tag","embeddable":true,"href":"https:\/\/kerdangold.com\/fr\/wp-json\/wp\/v2\/product_tag?post=4219"}],"curies":[{"name":"wp","href":"https:\/\/api.w.org\/{rel}","templated":true}]}}