{"id":4217,"date":"2023-06-02T12:32:52","date_gmt":"2023-06-02T09:32:52","guid":{"rendered":"https:\/\/kerdangold.com\/product\/lingot-portable-kerdan-de-10-grammes\/"},"modified":"2025-06-07T19:03:55","modified_gmt":"2025-06-07T16:03:55","slug":"lingot-portable-kerdan-de-10-grammes","status":"publish","type":"product","link":"https:\/\/kerdangold.com\/fr\/produit\/lingot-portable-kerdan-de-10-grammes\/","title":{"rendered":"Lingot portable Kerdan de 10 grammes"},"content":{"rendered":"<p>10 grammes d&rsquo;or 999 de la plus haute qualit\u00e9 pour cr\u00e9er le lingot d&rsquo;or le plus raffin\u00e9.<\/p>\n<p>Notre design unique vous permettra de porter votre lingot sans le laisser inutilis\u00e9.<\/p>\n","protected":false},"excerpt":{"rendered":"<p>10 grammes d&rsquo;or 999 de la plus haute qualit\u00e9 pour cr\u00e9er le lingot d&rsquo;or le plus raffin\u00e9. Notre design unique vous permettra de porter votre&#8230;<\/p>\n","protected":false},"featured_media":3713,"comment_status":"open","ping_status":"closed","template":"","meta":[],"etheme_brands":[{"term_id":102,"name":"Kerdan","slug":"kerdan","term_group":0,"term_taxonomy_id":102,"taxonomy":"brand","description":"","parent":0,"count":180,"filter":"raw"}],"product_brand":[],"product_cat":[131],"product_tag":[],"class_list":{"0":"post-4217","1":"product","2":"type-product","3":"status-publish","4":"has-post-thumbnail","6":"brand-kerdan","7":"product_cat-lingot-de-kerdan","9":"first","10":"instock","11":"shipping-taxable","12":"purchasable","13":"product-type-simple"},"pure_taxonomies":{"brand":[{"term_id":102,"name":"Kerdan","slug":"kerdan","term_group":0,"term_taxonomy_id":102,"taxonomy":"brand","description":"","parent":0,"count":180,"filter":"raw","image":""}],"product_cat":[{"term_id":131,"name":"Lingot de Kerdan","slug":"lingot-de-kerdan","term_group":0,"term_taxonomy_id":131,"taxonomy":"product_cat","description":"","parent":0,"count":3,"filter":"raw","image":""}]},"_links":{"self":[{"href":"https:\/\/kerdangold.com\/fr\/wp-json\/wp\/v2\/product\/4217","targetHints":{"allow":["GET"]}}],"collection":[{"href":"https:\/\/kerdangold.com\/fr\/wp-json\/wp\/v2\/product"}],"about":[{"href":"https:\/\/kerdangold.com\/fr\/wp-json\/wp\/v2\/types\/product"}],"replies":[{"embeddable":true,"href":"https:\/\/kerdangold.com\/fr\/wp-json\/wp\/v2\/comments?post=4217"}],"version-history":[{"count":0,"href":"https:\/\/kerdangold.com\/fr\/wp-json\/wp\/v2\/product\/4217\/revisions"}],"wp:featuredmedia":[{"embeddable":true,"href":"https:\/\/kerdangold.com\/fr\/wp-json\/wp\/v2\/media\/3713"}],"wp:attachment":[{"href":"https:\/\/kerdangold.com\/fr\/wp-json\/wp\/v2\/media?parent=4217"}],"wp:term":[{"taxonomy":"brand","embeddable":true,"href":"https:\/\/kerdangold.com\/fr\/wp-json\/wp\/v2\/etheme_brands?post=4217"},{"taxonomy":"product_brand","embeddable":true,"href":"https:\/\/kerdangold.com\/fr\/wp-json\/wp\/v2\/product_brand?post=4217"},{"taxonomy":"product_cat","embeddable":true,"href":"https:\/\/kerdangold.com\/fr\/wp-json\/wp\/v2\/product_cat?post=4217"},{"taxonomy":"product_tag","embeddable":true,"href":"https:\/\/kerdangold.com\/fr\/wp-json\/wp\/v2\/product_tag?post=4217"}],"curies":[{"name":"wp","href":"https:\/\/api.w.org\/{rel}","templated":true}]}}