{"id":4875,"date":"2025-08-06T13:01:56","date_gmt":"2025-08-06T10:01:56","guid":{"rendered":"https:\/\/kerdangold.com\/concevez-votre-or\/"},"modified":"2025-10-06T11:59:34","modified_gmt":"2025-10-06T08:59:34","slug":"concevez-votre-or","status":"publish","type":"page","link":"https:\/\/kerdangold.com\/fr\/concevez-votre-or\/","title":{"rendered":"Concevez votre or"},"content":{"rendered":"\t\t<div data-elementor-type=\"wp-page\" data-elementor-id=\"4875\" class=\"elementor elementor-4875 elementor-4851\" data-elementor-post-type=\"page\">\n\t\t\t\t\t\t<section class=\"elementor-section elementor-top-section elementor-element elementor-element-e0f3f10 elementor-section-content-middle elementor-section-stretched elementor-section-boxed elementor-section-height-default elementor-section-height-default\" data-id=\"e0f3f10\" data-element_type=\"section\" data-e-type=\"section\" data-settings=\"{&quot;stretch_section&quot;:&quot;section-stretched&quot;}\">\n\t\t\t\t\t\t\t<div class=\"elementor-background-overlay\"><\/div>\n\t\t\t\t\t\t\t<div class=\"elementor-container elementor-column-gap-custom\">\n\t\t\t\t\t<div class=\"elementor-column elementor-col-50 elementor-top-column elementor-element elementor-element-fefc169\" data-id=\"fefc169\" data-element_type=\"column\" data-e-type=\"column\">\n\t\t\t<div class=\"elementor-widget-wrap elementor-element-populated\">\n\t\t\t\t\t\t<div class=\"elementor-element elementor-element-c7a65fb elementor-widget elementor-widget-heading\" data-id=\"c7a65fb\" data-element_type=\"widget\" data-e-type=\"widget\" data-widget_type=\"heading.default\">\n\t\t\t\t<div class=\"elementor-widget-container\">\n\t\t\t\t\t<h2 class=\"elementor-heading-title elementor-size-default\">Concevez votre or<\/h2>\t\t\t\t<\/div>\n\t\t\t\t<\/div>\n\t\t\t\t<div class=\"elementor-element elementor-element-73c7049 elementor-widget elementor-widget-image\" data-id=\"73c7049\" data-element_type=\"widget\" data-e-type=\"widget\" data-widget_type=\"image.default\">\n\t\t\t\t<div class=\"elementor-widget-container\">\n\t\t\t\t\t\t\t\t\t\t\t\t\t\t\t<img loading=\"lazy\" loading=\"lazy\" decoding=\"async\" width=\"160\" height=\"10\" src=\"https:\/\/kerdangold.com\/wp-content\/uploads\/2023\/05\/Underline.svg\" class=\"attachment-full size-full wp-image-3142\" alt=\"\" \/>\t\t\t\t\t\t\t\t\t\t\t\t\t\t\t<\/div>\n\t\t\t\t<\/div>\n\t\t\t\t<div class=\"elementor-element elementor-element-2502c52 elementor-widget elementor-widget-shortcode\" data-id=\"2502c52\" data-element_type=\"widget\" data-e-type=\"widget\" data-widget_type=\"shortcode.default\">\n\t\t\t\t<div class=\"elementor-widget-container\">\n\t\t\t\t\t\t\t<div class=\"elementor-shortcode\">\n<div class=\"wpcf7 no-js\" id=\"wpcf7-f5085-o1\" lang=\"en-US\" dir=\"ltr\" data-wpcf7-id=\"5085\">\n<div class=\"screen-reader-response\"><p role=\"status\" aria-live=\"polite\" aria-atomic=\"true\"><\/p> <ul><\/ul><\/div>\n<form action=\"\/fr\/wp-json\/wp\/v2\/pages\/4875#wpcf7-f5085-o1\" method=\"post\" class=\"wpcf7-form init\" aria-label=\"Contact form\" enctype=\"multipart\/form-data\" novalidate=\"novalidate\" data-status=\"init\">\n<fieldset class=\"hidden-fields-container\"><input type=\"hidden\" name=\"_wpcf7\" value=\"5085\" \/><input type=\"hidden\" name=\"_wpcf7_version\" value=\"6.1.5\" \/><input type=\"hidden\" name=\"_wpcf7_locale\" value=\"en_US\" \/><input type=\"hidden\" name=\"_wpcf7_unit_tag\" value=\"wpcf7-f5085-o1\" \/><input type=\"hidden\" name=\"_wpcf7_container_post\" value=\"0\" \/><input type=\"hidden\" name=\"_wpcf7_posted_data_hash\" value=\"\" \/>\n<\/fieldset>\n<div class=\"custom-form-wrapper\">\n\t<p><label> Nom complet<br \/>\n<span class=\"wpcf7-form-control-wrap\" data-name=\"your-name\"><input size=\"40\" maxlength=\"400\" class=\"wpcf7-form-control wpcf7-text wpcf7-validates-as-required\" aria-required=\"true\" aria-invalid=\"false\" placeholder=\"Entrez votre nom complet\" value=\"\" type=\"text\" name=\"your-name\" \/><\/span> <\/label>\n\t<\/p>\n\t<p><label> Num\u00e9ro de t\u00e9l\u00e9phone<br \/>\n<span class=\"wpcf7-form-control-wrap\" data-name=\"your-phone\"><input size=\"40\" maxlength=\"400\" class=\"wpcf7-form-control wpcf7-tel wpcf7-validates-as-required wpcf7-text wpcf7-validates-as-tel\" aria-required=\"true\" aria-invalid=\"false\" placeholder=\"Entrez votre num\u00e9ro de t\u00e9l\u00e9phone\" value=\"\" type=\"tel\" name=\"your-phone\" \/><\/span> <\/label>\n\t<\/p>\n\t<p><label> Remarques<br \/>\n<span class=\"wpcf7-form-control-wrap\" data-name=\"your-message\"><textarea cols=\"40\" rows=\"10\" maxlength=\"2000\" class=\"wpcf7-form-control wpcf7-textarea\" aria-invalid=\"false\" placeholder=\"\u00c9crivez vos remarques ici\" name=\"your-message\"><\/textarea><\/span> <\/label>\n\t<\/p>\n\t<p><label> Cr\u00e9ez votre propre design<br \/>\n<span class=\"wpcf7-form-control-wrap\" data-name=\"design-files\"><input size=\"40\" class=\"wpcf7-form-control wpcf7-file wpcf7-validates-as-required\" accept=\".jpg,.jpeg,.png,.pdf\" aria-required=\"true\" aria-invalid=\"false\" type=\"file\" name=\"design-files\" \/><\/span> <\/label>\n\t<\/p>\n\t<p><input class=\"wpcf7-form-control wpcf7-submit has-spinner\" type=\"submit\" value=\"Envoyer la demande\" \/>\n\t<\/p>\n<\/div><div class=\"wpcf7-response-output\" aria-hidden=\"true\"><\/div>\n<\/form>\n<\/div>\n<\/div>\n\t\t\t\t\t\t<\/div>\n\t\t\t\t<\/div>\n\t\t\t\t<div class=\"elementor-element elementor-element-6055d06 elementor-pagination-position-outside elementor-widget elementor-widget-image-carousel\" data-id=\"6055d06\" data-element_type=\"widget\" data-e-type=\"widget\" data-settings=\"{&quot;slides_to_show&quot;:&quot;3&quot;,&quot;slides_to_show_mobile&quot;:&quot;1&quot;,&quot;slides_to_scroll&quot;:&quot;1&quot;,&quot;navigation&quot;:&quot;dots&quot;,&quot;autoplay&quot;:&quot;yes&quot;,&quot;pause_on_hover&quot;:&quot;yes&quot;,&quot;pause_on_interaction&quot;:&quot;yes&quot;,&quot;autoplay_speed&quot;:5000,&quot;infinite&quot;:&quot;yes&quot;,&quot;speed&quot;:500}\" data-widget_type=\"image-carousel.default\">\n\t\t\t\t<div class=\"elementor-widget-container\">\n\t\t\t\t\t\t\t<div class=\"elementor-image-carousel-wrapper swiper\" role=\"region\" aria-roledescription=\"carousel\" aria-label=\"Image Carousel\" dir=\"ltr\">\n\t\t\t<div class=\"elementor-image-carousel swiper-wrapper swiper-image-stretch\" aria-live=\"off\">\n\t\t\t\t\t\t\t\t<div class=\"swiper-slide\" role=\"group\" aria-roledescription=\"slide\" aria-label=\"1 sur 4\"><a data-elementor-open-lightbox=\"yes\" data-elementor-lightbox-slideshow=\"6055d06\" data-elementor-lightbox-title=\"WhatsApp Image 2025-08-04 at 5.15.58 PM\" data-e-action-hash=\"#elementor-action%3Aaction%3Dlightbox%26settings%3DeyJpZCI6NDgxMSwidXJsIjoiaHR0cHM6XC9cL2tlcmRhbmdvbGQuY29tXC93cC1jb250ZW50XC91cGxvYWRzXC8yMDI1XC8wOFwvV2hhdHNBcHAtSW1hZ2UtMjAyNS0wOC0wNC1hdC01LjE1LjU4LVBNLmpwZWciLCJzbGlkZXNob3ciOiI2MDU1ZDA2In0%3D\" href=\"https:\/\/kerdangold.com\/wp-content\/uploads\/2025\/08\/WhatsApp-Image-2025-08-04-at-5.15.58-PM.jpeg\"><figure class=\"swiper-slide-inner\"><img decoding=\"async\" class=\"swiper-slide-image\" src=\"https:\/\/kerdangold.com\/wp-content\/uploads\/elementor\/thumbs\/WhatsApp-Image-2025-08-04-at-5.15.58-PM-r9t2dcq2v1702ng8fudnsxeo1ns2k503venbebfyd4.jpeg\" alt=\"WhatsApp Image 2025-08-04 at 5.15.58 PM\" \/><\/figure><\/a><\/div><div class=\"swiper-slide\" role=\"group\" aria-roledescription=\"slide\" aria-label=\"2 sur 4\"><a data-elementor-open-lightbox=\"yes\" data-elementor-lightbox-slideshow=\"6055d06\" data-elementor-lightbox-title=\"WhatsApp Image 2025-08-04 at 5.15.56 PM (1)\" data-e-action-hash=\"#elementor-action%3Aaction%3Dlightbox%26settings%3DeyJpZCI6NDgxNCwidXJsIjoiaHR0cHM6XC9cL2tlcmRhbmdvbGQuY29tXC93cC1jb250ZW50XC91cGxvYWRzXC8yMDI1XC8wOFwvV2hhdHNBcHAtSW1hZ2UtMjAyNS0wOC0wNC1hdC01LjE1LjU2LVBNLTEtMS5qcGVnIiwic2xpZGVzaG93IjoiNjA1NWQwNiJ9\" href=\"https:\/\/kerdangold.com\/wp-content\/uploads\/2025\/08\/WhatsApp-Image-2025-08-04-at-5.15.56-PM-1-1.jpeg\"><figure class=\"swiper-slide-inner\"><img decoding=\"async\" class=\"swiper-slide-image\" src=\"https:\/\/kerdangold.com\/wp-content\/uploads\/elementor\/thumbs\/WhatsApp-Image-2025-08-04-at-5.15.56-PM-1-1-r9t2dhf9t7dfop9eoeesne7z0l4wmmirk1wqsp8zi0.jpeg\" alt=\"WhatsApp Image 2025-08-04 at 5.15.56 PM (1)\" \/><\/figure><\/a><\/div><div class=\"swiper-slide\" role=\"group\" aria-roledescription=\"slide\" aria-label=\"3 sur 4\"><a data-elementor-open-lightbox=\"yes\" data-elementor-lightbox-slideshow=\"6055d06\" data-elementor-lightbox-title=\"WhatsApp Image 2025-08-04 at 5.15.57 PM\" data-e-action-hash=\"#elementor-action%3Aaction%3Dlightbox%26settings%3DeyJpZCI6NDgxNywidXJsIjoiaHR0cHM6XC9cL2tlcmRhbmdvbGQuY29tXC93cC1jb250ZW50XC91cGxvYWRzXC8yMDI1XC8wOFwvV2hhdHNBcHAtSW1hZ2UtMjAyNS0wOC0wNC1hdC01LjE1LjU3LVBNLmpwZWciLCJzbGlkZXNob3ciOiI2MDU1ZDA2In0%3D\" href=\"https:\/\/kerdangold.com\/wp-content\/uploads\/2025\/08\/WhatsApp-Image-2025-08-04-at-5.15.57-PM.jpeg\"><figure class=\"swiper-slide-inner\"><img decoding=\"async\" class=\"swiper-slide-image\" src=\"https:\/\/kerdangold.com\/wp-content\/uploads\/elementor\/thumbs\/WhatsApp-Image-2025-08-04-at-5.15.57-PM-r9t2dk8sdphanj5b7xmocvicsqr09ptykfv78j4szc.jpeg\" alt=\"WhatsApp Image 2025-08-04 at 5.15.57 PM\" \/><\/figure><\/a><\/div><div class=\"swiper-slide\" role=\"group\" aria-roledescription=\"slide\" aria-label=\"4 sur 4\"><a data-elementor-open-lightbox=\"yes\" data-elementor-lightbox-slideshow=\"6055d06\" data-elementor-lightbox-title=\"WhatsApp Image 2025-08-04 at 5.15.58 PM (1)\" data-e-action-hash=\"#elementor-action%3Aaction%3Dlightbox%26settings%3DeyJpZCI6NDgyMCwidXJsIjoiaHR0cHM6XC9cL2tlcmRhbmdvbGQuY29tXC93cC1jb250ZW50XC91cGxvYWRzXC8yMDI1XC8wOFwvV2hhdHNBcHAtSW1hZ2UtMjAyNS0wOC0wNC1hdC01LjE1LjU4LVBNLTEtMS5qcGVnIiwic2xpZGVzaG93IjoiNjA1NWQwNiJ9\" href=\"https:\/\/kerdangold.com\/wp-content\/uploads\/2025\/08\/WhatsApp-Image-2025-08-04-at-5.15.58-PM-1-1.jpeg\"><figure class=\"swiper-slide-inner\"><img decoding=\"async\" class=\"swiper-slide-image\" src=\"https:\/\/kerdangold.com\/wp-content\/uploads\/elementor\/thumbs\/WhatsApp-Image-2025-08-04-at-5.15.58-PM-1-1-r9t2dm4grdjvar2kwyfxhv19zihqp41f8p667320mw.jpeg\" alt=\"WhatsApp Image 2025-08-04 at 5.15.58 PM (1)\" \/><\/figure><\/a><\/div>\t\t\t<\/div>\n\t\t\t\t\t\t\t\n\t\t\t\t\t\t\t\t\t<div class=\"swiper-pagination\"><\/div>\n\t\t\t\t\t\t\t\t\t<\/div>\n\t\t\t\t\t\t<\/div>\n\t\t\t\t<\/div>\n\t\t\t\t\t<\/div>\n\t\t<\/div>\n\t\t\t\t<div class=\"elementor-column elementor-col-50 elementor-top-column elementor-element elementor-element-7c448c7\" data-id=\"7c448c7\" data-element_type=\"column\" data-e-type=\"column\">\n\t\t\t<div class=\"elementor-widget-wrap elementor-element-populated\">\n\t\t\t\t\t\t<div class=\"elementor-element elementor-element-571b409 elementor-widget elementor-widget-image\" data-id=\"571b409\" data-element_type=\"widget\" data-e-type=\"widget\" data-widget_type=\"image.default\">\n\t\t\t\t<div class=\"elementor-widget-container\">\n\t\t\t\t\t\t\t\t\t\t\t\t\t\t\t<img loading=\"lazy\" loading=\"lazy\" decoding=\"async\" width=\"777\" height=\"1600\" src=\"https:\/\/kerdangold.com\/wp-content\/uploads\/2025\/08\/WhatsApp-Image-2025-08-06-at-2.11.25-AM.jpeg\" class=\"attachment-full size-full wp-image-4864\" alt=\"\" srcset=\"https:\/\/kerdangold.com\/wp-content\/uploads\/2025\/08\/WhatsApp-Image-2025-08-06-at-2.11.25-AM.jpeg 777w, https:\/\/kerdangold.com\/wp-content\/uploads\/2025\/08\/WhatsApp-Image-2025-08-06-at-2.11.25-AM-146x300.jpeg 146w, https:\/\/kerdangold.com\/wp-content\/uploads\/2025\/08\/WhatsApp-Image-2025-08-06-at-2.11.25-AM-497x1024.jpeg 497w, https:\/\/kerdangold.com\/wp-content\/uploads\/2025\/08\/WhatsApp-Image-2025-08-06-at-2.11.25-AM-768x1581.jpeg 768w, https:\/\/kerdangold.com\/wp-content\/uploads\/2025\/08\/WhatsApp-Image-2025-08-06-at-2.11.25-AM-746x1536.jpeg 746w, https:\/\/kerdangold.com\/wp-content\/uploads\/2025\/08\/WhatsApp-Image-2025-08-06-at-2.11.25-AM-600x1236.jpeg 600w, https:\/\/kerdangold.com\/wp-content\/uploads\/2025\/08\/WhatsApp-Image-2025-08-06-at-2.11.25-AM-1x1.jpeg 1w, https:\/\/kerdangold.com\/wp-content\/uploads\/2025\/08\/WhatsApp-Image-2025-08-06-at-2.11.25-AM-5x10.jpeg 5w\" sizes=\"auto, (max-width: 777px) 100vw, 777px\" \/>\t\t\t\t\t\t\t\t\t\t\t\t\t\t\t<\/div>\n\t\t\t\t<\/div>\n\t\t\t\t<section class=\"elementor-section elementor-inner-section elementor-element elementor-element-c6650fd elementor-section-boxed elementor-section-height-default elementor-section-height-default\" data-id=\"c6650fd\" data-element_type=\"section\" data-e-type=\"section\">\n\t\t\t\t\t\t<div class=\"elementor-container elementor-column-gap-default\">\n\t\t\t\t\t<div class=\"elementor-column elementor-col-100 elementor-inner-column elementor-element elementor-element-dfa2529\" data-id=\"dfa2529\" data-element_type=\"column\" data-e-type=\"column\">\n\t\t\t<div class=\"elementor-widget-wrap elementor-element-populated\">\n\t\t\t\t\t\t<div class=\"elementor-element elementor-element-c04930f elementor-widget elementor-widget-text-editor\" data-id=\"c04930f\" data-element_type=\"widget\" data-e-type=\"widget\" data-widget_type=\"text-editor.default\">\n\t\t\t\t<div class=\"elementor-widget-container\">\n\t\t\t\t\t\t\t\t\t<p><strong>Eng\/Yasser Othman<\/strong><br \/>Directeur ex\u00e9cutif de Briq et responsable de la conception et de la mise en \u0153uvre de Kurdan Models<\/p>\t\t\t\t\t\t\t\t<\/div>\n\t\t\t\t<\/div>\n\t\t\t\t<div class=\"elementor-element elementor-element-92152b9 elementor-widget elementor-widget-button\" data-id=\"92152b9\" data-element_type=\"widget\" data-e-type=\"widget\" data-widget_type=\"button.default\">\n\t\t\t\t<div class=\"elementor-widget-container\">\n\t\t\t\t\t\t\t\t\t<div class=\"elementor-button-wrapper\">\n\t\t\t\t\t<a class=\"elementor-button elementor-button-link elementor-size-sm\" href=\"tel:0155597020\">\n\t\t\t\t\t\t<span class=\"elementor-button-content-wrapper\">\n\t\t\t\t\t\t\t\t\t<span class=\"elementor-button-text\">Appelez-nous<\/span>\n\t\t\t\t\t<\/span>\n\t\t\t\t\t<\/a>\n\t\t\t\t<\/div>\n\t\t\t\t\t\t\t\t<\/div>\n\t\t\t\t<\/div>\n\t\t\t\t\t<\/div>\n\t\t<\/div>\n\t\t\t\t\t<\/div>\n\t\t<\/section>\n\t\t\t\t\t<\/div>\n\t\t<\/div>\n\t\t\t\t\t<\/div>\n\t\t<\/section>\n\t\t\t\t<\/div>\n\t\t","protected":false},"excerpt":{"rendered":"<p>Concevez votre or Eng\/Yasser OthmanDirecteur ex\u00e9cutif de Briq et responsable de la conception et de la mise en \u0153uvre de Kurdan Models Appelez-nous<\/p>\n","protected":false},"author":1,"featured_media":0,"parent":0,"menu_order":0,"comment_status":"closed","ping_status":"closed","template":"elementor_header_footer","meta":{"footnotes":""},"class_list":["post-4875","page","type-page","status-publish","hentry"],"pure_taxonomies":[],"_links":{"self":[{"href":"https:\/\/kerdangold.com\/fr\/wp-json\/wp\/v2\/pages\/4875","targetHints":{"allow":["GET"]}}],"collection":[{"href":"https:\/\/kerdangold.com\/fr\/wp-json\/wp\/v2\/pages"}],"about":[{"href":"https:\/\/kerdangold.com\/fr\/wp-json\/wp\/v2\/types\/page"}],"author":[{"embeddable":true,"href":"https:\/\/kerdangold.com\/fr\/wp-json\/wp\/v2\/users\/1"}],"replies":[{"embeddable":true,"href":"https:\/\/kerdangold.com\/fr\/wp-json\/wp\/v2\/comments?post=4875"}],"version-history":[{"count":18,"href":"https:\/\/kerdangold.com\/fr\/wp-json\/wp\/v2\/pages\/4875\/revisions"}],"predecessor-version":[{"id":5099,"href":"https:\/\/kerdangold.com\/fr\/wp-json\/wp\/v2\/pages\/4875\/revisions\/5099"}],"wp:attachment":[{"href":"https:\/\/kerdangold.com\/fr\/wp-json\/wp\/v2\/media?parent=4875"}],"curies":[{"name":"wp","href":"https:\/\/api.w.org\/{rel}","templated":true}]}}