{"id":4025,"date":"2024-03-26T16:02:57","date_gmt":"2024-03-26T13:02:57","guid":{"rendered":"https:\/\/kerdangold.com\/politique-de-confidentialite\/"},"modified":"2025-05-19T10:31:14","modified_gmt":"2025-05-19T07:31:14","slug":"politique-de-confidentialite","status":"publish","type":"page","link":"https:\/\/kerdangold.com\/fr\/politique-de-confidentialite\/","title":{"rendered":"Politique de confidentialit\u00e9"},"content":{"rendered":"<h2 class=\"wp-block-heading\">Qui sommes-nous\u00a0?<\/h2><p><strong class=\"privacy-policy-tutorial\">Texte sugg\u00e9r\u00e9\u00a0:<\/strong>L&rsquo;adresse de notre site web est\u00a0: https:\/\/kerdangold.com.<\/p><h2 class=\"wp-block-heading\">Commentaires<\/h2><p><strong class=\"privacy-policy-tutorial\">Texte sugg\u00e9r\u00e9\u00a0:<\/strong> Lorsque les visiteurs laissent des commentaires sur le site, nous collectons les donn\u00e9es affich\u00e9es dans le formulaire de commentaires, ainsi que l&rsquo;adresse IP du visiteur et la cha\u00eene de l&rsquo;agent utilisateur du navigateur pour faciliter la d\u00e9tection des spams.<\/p><p>Une cha\u00eene anonymis\u00e9e cr\u00e9\u00e9e \u00e0 partir de votre adresse e-mail (\u00e9galement appel\u00e9e hachage) peut \u00eatre transmise au service Gravatar pour v\u00e9rifier si vous l&rsquo;utilisez. La politique de confidentialit\u00e9 du service Gravatar est disponible ici\u00a0: https:\/\/automattic.com\/privacy\/. Apr\u00e8s validation de votre commentaire, votre photo de profil sera visible publiquement \u00e0 c\u00f4t\u00e9 de celui-ci.<\/p><h2 class=\"wp-block-heading\">M\u00e9dias<\/h2><p><strong class=\"privacy-policy-tutorial\">Texte sugg\u00e9r\u00e9\u00a0:<\/strong> Si vous t\u00e9l\u00e9chargez des images sur le site web, \u00e9vitez celles contenant des donn\u00e9es de localisation EXIF \u200b\u200bGPS. Les visiteurs du site web peuvent t\u00e9l\u00e9charger et extraire des donn\u00e9es de localisation depuis les images.<\/p><h2 class=\"wp-block-heading\">Cookies<\/h2><p><strong class=\"privacy-policy-tutorial\">Texte sugg\u00e9r\u00e9\u00a0:<\/strong> Si vous laissez un commentaire sur notre site, vous pouvez choisir d&rsquo;enregistrer votre nom, votre adresse e-mail et votre site web dans des cookies. Ces cookies sont uniquement destin\u00e9s \u00e0 votre confort afin que vous n&rsquo;ayez pas \u00e0 les saisir \u00e0 nouveau lorsque vous laisserez un autre commentaire. La dur\u00e9e de vie de ces cookies est d&rsquo;un an.<\/p><p>Si vous visitez notre page de connexion, nous installerons un cookie temporaire afin de d\u00e9terminer si votre navigateur accepte les cookies. Ce cookie ne contient aucune donn\u00e9e personnelle et sera supprim\u00e9 \u00e0 la fermeture de votre navigateur.<\/p><p>Lorsque vous vous connectez, nous installons \u00e9galement plusieurs cookies pour enregistrer vos informations de connexion et vos pr\u00e9f\u00e9rences d&rsquo;affichage. Les cookies de connexion durent deux jours et les cookies d&rsquo;options d&rsquo;affichage durent un an. Si vous s\u00e9lectionnez \u00ab\u00a0Se souvenir de moi\u00a0\u00bb, votre connexion sera conserv\u00e9e pendant deux semaines. Si vous vous d\u00e9connectez de votre compte, les cookies de connexion seront supprim\u00e9s.<\/p><p>Si vous modifiez ou publiez un article, un cookie suppl\u00e9mentaire sera enregistr\u00e9 dans votre navigateur. Ce cookie ne contient aucune donn\u00e9e personnelle et indique simplement l&rsquo;identifiant de l&rsquo;article que vous venez de modifier. Il expire au bout d&rsquo;un jour.<\/p><h2 class=\"wp-block-heading\">Contenu int\u00e9gr\u00e9 provenant d&rsquo;autres sites web<\/h2><p><strong class=\"privacy-policy-tutorial\">Texte sugg\u00e9r\u00e9\u00a0:<\/strong> Les articles de ce site peuvent inclure du contenu int\u00e9gr\u00e9 (par exemple, des vid\u00e9os, des images, des articles, etc.). Le contenu int\u00e9gr\u00e9 provenant d&rsquo;autres sites web se comporte exactement de la m\u00eame mani\u00e8re que si le visiteur avait visit\u00e9 cet autre site web.<\/p><p>Ces sites web peuvent collecter des donn\u00e9es vous concernant, utiliser des cookies, int\u00e9grer des outils de suivi tiers suppl\u00e9mentaires et surveiller vos interactions avec ces contenus int\u00e9gr\u00e9s, y compris le suivi de vos interactions avec ces contenus int\u00e9gr\u00e9s si vous poss\u00e9dez un compte et \u00eates connect\u00e9 \u00e0 ces sites web.<\/p><h2 class=\"wp-block-heading\">Avec qui partageons-nous vos donn\u00e9es\u00a0?<\/h2><p><strong class=\"privacy-policy-tutorial\">Texte sugg\u00e9r\u00e9\u00a0:<\/strong> Si vous demandez une r\u00e9initialisation de votre mot de passe, votre adresse IP sera incluse dans l&rsquo;e-mail de r\u00e9initialisation.<\/p><h2 class=\"wp-block-heading\">Dur\u00e9e de conservation de vos donn\u00e9es<\/h2><p><strong class=\"privacy-policy-tutorial\">Texte sugg\u00e9r\u00e9\u00a0:<\/strong> Si vous laissez un commentaire, celui-ci et ses m\u00e9tadonn\u00e9es sont conserv\u00e9s ind\u00e9finiment. Cela nous permet de reconna\u00eetre et d&rsquo;approuver automatiquement les commentaires suivants, au lieu de les laisser en attente de mod\u00e9ration.<\/p><p>Pour les utilisateurs qui s&rsquo;inscrivent sur notre site web (le cas \u00e9ch\u00e9ant), nous stockons \u00e9galement les informations personnelles qu&rsquo;ils fournissent dans leur profil. Tous les utilisateurs peuvent consulter, modifier ou supprimer leurs informations personnelles \u00e0 tout moment (\u00e0 l&rsquo;exception de leur nom d&rsquo;utilisateur). Les administrateurs du site web peuvent \u00e9galement consulter et modifier ces informations.<\/p><h2 class=\"wp-block-heading\">Quels sont vos droits sur vos donn\u00e9es\u00a0?<\/h2><p><strong class=\"privacy-policy-tutorial\">Texte sugg\u00e9r\u00e9\u00a0:<\/strong> Si vous poss\u00e9dez un compte sur ce site ou si vous avez laiss\u00e9 des commentaires, vous pouvez demander \u00e0 recevoir un fichier contenant toutes les donn\u00e9es personnelles que nous d\u00e9tenons \u00e0 votre sujet, y compris celles que vous nous avez fournies. Vous pouvez \u00e9galement demander la suppression de toutes les donn\u00e9es personnelles que nous d\u00e9tenons \u00e0 votre sujet. Cela n&rsquo;inclut pas les donn\u00e9es que nous sommes tenus de conserver \u00e0 des fins administratives, l\u00e9gales ou de s\u00e9curit\u00e9.<\/p><h2 class=\"wp-block-heading\">O\u00f9 sont envoy\u00e9es vos donn\u00e9es<\/h2><p><strong class=\"privacy-policy-tutorial\">Texte sugg\u00e9r\u00e9\u00a0:<\/strong>Les commentaires des visiteurs peuvent \u00eatre v\u00e9rifi\u00e9s via un service automatis\u00e9 de d\u00e9tection des spams.<\/p>","protected":false},"excerpt":{"rendered":"<p>Qui sommes-nous\u00a0? Texte sugg\u00e9r\u00e9\u00a0:L&rsquo;adresse de notre site web est\u00a0: https:\/\/kerdangold.com. Commentaires Texte sugg\u00e9r\u00e9\u00a0: Lorsque les visiteurs laissent des commentaires sur le site, nous collectons les&#8230;<\/p>\n","protected":false},"author":1,"featured_media":0,"parent":0,"menu_order":0,"comment_status":"closed","ping_status":"closed","template":"","meta":{"footnotes":""},"class_list":["post-4025","page","type-page","status-publish","hentry"],"pure_taxonomies":[],"_links":{"self":[{"href":"https:\/\/kerdangold.com\/fr\/wp-json\/wp\/v2\/pages\/4025","targetHints":{"allow":["GET"]}}],"collection":[{"href":"https:\/\/kerdangold.com\/fr\/wp-json\/wp\/v2\/pages"}],"about":[{"href":"https:\/\/kerdangold.com\/fr\/wp-json\/wp\/v2\/types\/page"}],"author":[{"embeddable":true,"href":"https:\/\/kerdangold.com\/fr\/wp-json\/wp\/v2\/users\/1"}],"replies":[{"embeddable":true,"href":"https:\/\/kerdangold.com\/fr\/wp-json\/wp\/v2\/comments?post=4025"}],"version-history":[{"count":3,"href":"https:\/\/kerdangold.com\/fr\/wp-json\/wp\/v2\/pages\/4025\/revisions"}],"predecessor-version":[{"id":4093,"href":"https:\/\/kerdangold.com\/fr\/wp-json\/wp\/v2\/pages\/4025\/revisions\/4093"}],"wp:attachment":[{"href":"https:\/\/kerdangold.com\/fr\/wp-json\/wp\/v2\/media?parent=4025"}],"curies":[{"name":"wp","href":"https:\/\/api.w.org\/{rel}","templated":true}]}}