{"id":4016,"date":"2023-05-31T06:32:21","date_gmt":"2023-05-31T03:32:21","guid":{"rendered":"https:\/\/kerdangold.com\/a-propos\/"},"modified":"2025-10-01T12:23:18","modified_gmt":"2025-10-01T09:23:18","slug":"a-propos","status":"publish","type":"page","link":"https:\/\/kerdangold.com\/fr\/a-propos\/","title":{"rendered":"\u00c0 propos"},"content":{"rendered":"\t\t<div data-elementor-type=\"wp-page\" data-elementor-id=\"4016\" class=\"elementor elementor-4016 elementor-15\" data-elementor-post-type=\"page\">\n\t\t\t\t\t\t<section class=\"elementor-section elementor-top-section elementor-element elementor-element-24a0e54 elementor-section-content-middle elementor-section-stretched elementor-section-boxed elementor-section-height-default elementor-section-height-default\" data-id=\"24a0e54\" data-element_type=\"section\" data-e-type=\"section\" data-settings=\"{&quot;stretch_section&quot;:&quot;section-stretched&quot;}\">\n\t\t\t\t\t\t<div class=\"elementor-container elementor-column-gap-custom\">\n\t\t\t\t\t<div class=\"elementor-column elementor-col-50 elementor-top-column elementor-element elementor-element-6593641\" data-id=\"6593641\" data-element_type=\"column\" data-e-type=\"column\">\n\t\t\t<div class=\"elementor-widget-wrap elementor-element-populated\">\n\t\t\t\t\t\t<div class=\"elementor-element elementor-element-8be2759 elementor-widget elementor-widget-heading\" data-id=\"8be2759\" data-element_type=\"widget\" data-e-type=\"widget\" data-widget_type=\"heading.default\">\n\t\t\t\t<div class=\"elementor-widget-container\">\n\t\t\t\t\t<h2 class=\"elementor-heading-title elementor-size-default\">Kerdan Gold \u2013 Quand l\u2019h\u00e9ritage intemporel rencontre l\u2019\u00e9l\u00e9gance contemporaine<\/h2>\t\t\t\t<\/div>\n\t\t\t\t<\/div>\n\t\t\t\t<div class=\"elementor-element elementor-element-2e94df8 elementor-widget elementor-widget-image\" data-id=\"2e94df8\" data-element_type=\"widget\" data-e-type=\"widget\" data-widget_type=\"image.default\">\n\t\t\t\t<div class=\"elementor-widget-container\">\n\t\t\t\t\t\t\t\t\t\t\t\t\t\t\t<img loading=\"lazy\" loading=\"lazy\" decoding=\"async\" width=\"160\" height=\"10\" src=\"https:\/\/kerdangold.com\/wp-content\/uploads\/2023\/05\/\u0628\u0646\u0649-01-1.png\" class=\"attachment-full size-full wp-image-3142 lazyload lazyload-simple et-lazyload-fadeIn\" alt=\"\" data-src=\"https:\/\/kerdangold.com\/wp-content\/uploads\/2023\/05\/Underline.svg\" \/>\t\t\t\t\t\t\t\t\t\t\t\t\t\t\t<\/div>\n\t\t\t\t<\/div>\n\t\t\t\t<div class=\"elementor-element elementor-element-325ba72 elementor-widget elementor-widget-text-editor\" data-id=\"325ba72\" data-element_type=\"widget\" data-e-type=\"widget\" data-widget_type=\"text-editor.default\">\n\t\t\t\t<div class=\"elementor-widget-container\">\n\t\t\t\t\t\t\t\t\t<p>Dans un march\u00e9 satur\u00e9 de concurrents et de promesses ambigu\u00ebs, Kerdan Gold est n\u00e9e pour r\u00e9inventer l\u2019art de la joaillerie en or et en argent. Notre philosophie est claire : l\u2019or n\u2019est pas seulement un \u00e9clat qui attire les regards, c\u2019est une valeur qui se conserve, un investissement qui se prot\u00e8ge et une histoire personnelle racont\u00e9e \u00e0 travers chaque cr\u00e9ation.<\/p><p>Chez Kerdan Gold, nous ne nous limitons pas \u00e0 fa\u00e7onner des bijoux. Nous offrons une exp\u00e9rience compl\u00e8te qui marie l\u2019authenticit\u00e9 de l\u2019artisanat \u00e9gyptien ancestral aux technologies modernes et aux tendances internationales, afin de donner vie \u00e0 des pi\u00e8ces qui portent l\u2019empreinte d\u2019une culture mill\u00e9naire et d\u2019une \u00e9l\u00e9gance \u00e9ternelle.<\/p>\t\t\t\t\t\t\t\t<\/div>\n\t\t\t\t<\/div>\n\t\t\t\t\t<\/div>\n\t\t<\/div>\n\t\t\t\t<div class=\"elementor-column elementor-col-50 elementor-top-column elementor-element elementor-element-d00a559\" data-id=\"d00a559\" data-element_type=\"column\" data-e-type=\"column\">\n\t\t\t<div class=\"elementor-widget-wrap elementor-element-populated\">\n\t\t\t\t\t\t<div class=\"elementor-element elementor-element-67d95f0 elementor-widget elementor-widget-image\" data-id=\"67d95f0\" data-element_type=\"widget\" data-e-type=\"widget\" data-widget_type=\"image.default\">\n\t\t\t\t<div class=\"elementor-widget-container\">\n\t\t\t\t\t\t\t\t\t\t\t\t\t\t\t<img loading=\"lazy\" loading=\"lazy\" decoding=\"async\" width=\"1600\" height=\"990\" src=\"https:\/\/kerdangold.com\/wp-content\/uploads\/2023\/05\/\u0628\u0646\u0649-01-1.png\" class=\"attachment-full size-full wp-image-3637 lazyload lazyload-simple et-lazyload-fadeIn\" alt=\"\" sizes=\"auto, (max-width: 1600px) 100vw, 1600px\" data-src=\"https:\/\/kerdangold.com\/wp-content\/uploads\/2024\/06\/dcc7d3c274c948be9b5a496e4fb0a24f.jpg\" data-srcset=\"https:\/\/kerdangold.com\/wp-content\/uploads\/2024\/06\/dcc7d3c274c948be9b5a496e4fb0a24f.jpg 1600w, https:\/\/kerdangold.com\/wp-content\/uploads\/2024\/06\/dcc7d3c274c948be9b5a496e4fb0a24f-300x186.jpg 300w, https:\/\/kerdangold.com\/wp-content\/uploads\/2024\/06\/dcc7d3c274c948be9b5a496e4fb0a24f-1024x634.jpg 1024w, https:\/\/kerdangold.com\/wp-content\/uploads\/2024\/06\/dcc7d3c274c948be9b5a496e4fb0a24f-768x475.jpg 768w, https:\/\/kerdangold.com\/wp-content\/uploads\/2024\/06\/dcc7d3c274c948be9b5a496e4fb0a24f-1536x950.jpg 1536w, https:\/\/kerdangold.com\/wp-content\/uploads\/2024\/06\/dcc7d3c274c948be9b5a496e4fb0a24f-600x371.jpg 600w, https:\/\/kerdangold.com\/wp-content\/uploads\/2024\/06\/dcc7d3c274c948be9b5a496e4fb0a24f-1x1.jpg 1w, https:\/\/kerdangold.com\/wp-content\/uploads\/2024\/06\/dcc7d3c274c948be9b5a496e4fb0a24f-10x6.jpg 10w\" \/>\t\t\t\t\t\t\t\t\t\t\t\t\t\t\t<\/div>\n\t\t\t\t<\/div>\n\t\t\t\t\t<\/div>\n\t\t<\/div>\n\t\t\t\t\t<\/div>\n\t\t<\/section>\n\t\t\t\t<section class=\"elementor-section elementor-top-section elementor-element elementor-element-6d1f3ab elementor-section-content-middle elementor-section-stretched elementor-reverse-mobile elementor-section-boxed elementor-section-height-default elementor-section-height-default\" data-id=\"6d1f3ab\" data-element_type=\"section\" data-e-type=\"section\" data-settings=\"{&quot;stretch_section&quot;:&quot;section-stretched&quot;}\">\n\t\t\t\t\t\t<div class=\"elementor-container elementor-column-gap-custom\">\n\t\t\t\t\t<div class=\"elementor-column elementor-col-100 elementor-top-column elementor-element elementor-element-b1680d1\" data-id=\"b1680d1\" data-element_type=\"column\" data-e-type=\"column\">\n\t\t\t<div class=\"elementor-widget-wrap elementor-element-populated\">\n\t\t\t\t\t\t<div class=\"elementor-element elementor-element-3dc061c elementor-widget elementor-widget-heading\" data-id=\"3dc061c\" data-element_type=\"widget\" data-e-type=\"widget\" data-widget_type=\"heading.default\">\n\t\t\t\t<div class=\"elementor-widget-container\">\n\t\t\t\t\t<h2 class=\"elementor-heading-title elementor-size-default\">Notre histoire<\/h2>\t\t\t\t<\/div>\n\t\t\t\t<\/div>\n\t\t\t\t<div class=\"elementor-element elementor-element-8bb6ca0 elementor-widget elementor-widget-image\" data-id=\"8bb6ca0\" data-element_type=\"widget\" data-e-type=\"widget\" data-widget_type=\"image.default\">\n\t\t\t\t<div class=\"elementor-widget-container\">\n\t\t\t\t\t\t\t\t\t\t\t\t\t\t\t<img loading=\"lazy\" loading=\"lazy\" decoding=\"async\" width=\"160\" height=\"10\" src=\"https:\/\/kerdangold.com\/wp-content\/uploads\/2023\/05\/\u0628\u0646\u0649-01-1.png\" class=\"attachment-full size-full wp-image-3142 lazyload lazyload-simple et-lazyload-fadeIn\" alt=\"\" data-src=\"https:\/\/kerdangold.com\/wp-content\/uploads\/2023\/05\/Underline.svg\" \/>\t\t\t\t\t\t\t\t\t\t\t\t\t\t\t<\/div>\n\t\t\t\t<\/div>\n\t\t\t\t<div class=\"elementor-element elementor-element-9f93845 elementor-widget elementor-widget-text-editor\" data-id=\"9f93845\" data-element_type=\"widget\" data-e-type=\"widget\" data-widget_type=\"text-editor.default\">\n\t\t\t\t<div class=\"elementor-widget-container\">\n\t\t\t\t\t\t\t\t\t<p>Notre longue exp\u00e9rience sur le march\u00e9 de l\u2019or nous a r\u00e9v\u00e9l\u00e9 une r\u00e9alit\u00e9 essentielle : trop souvent, le consommateur est le maillon faible.<\/p><ul><li>Combien de fois les pierres pr\u00e9cieuses ont-elles \u00e9t\u00e9 pay\u00e9es au prix de l\u2019or pour perdre toute valeur \u00e0 la revente ?<\/li><li>Combien de bijoux ont vu leur potentiel d\u2019investissement r\u00e9duit par des frais de main-d\u2019\u0153uvre excessifs ?<\/li><li>Combien de clients ont cherch\u00e9 en vain des mod\u00e8les uniques face \u00e0 une offre limit\u00e9e et r\u00e9p\u00e9titive ?<\/li><\/ul><p>Kerdan Gold est n\u00e9e pour r\u00e9tablir l\u2019\u00e9quilibre : offrir des cr\u00e9ations qui allient beaut\u00e9 et transparence, esth\u00e9tique et valeur durable.<\/p>\t\t\t\t\t\t\t\t<\/div>\n\t\t\t\t<\/div>\n\t\t\t\t\t<\/div>\n\t\t<\/div>\n\t\t\t\t\t<\/div>\n\t\t<\/section>\n\t\t\t\t<section class=\"elementor-section elementor-top-section elementor-element elementor-element-544c302 elementor-section-stretched elementor-section-boxed elementor-section-height-default elementor-section-height-default\" data-id=\"544c302\" data-element_type=\"section\" data-e-type=\"section\" data-settings=\"{&quot;stretch_section&quot;:&quot;section-stretched&quot;}\">\n\t\t\t\t\t\t<div class=\"elementor-container elementor-column-gap-custom\">\n\t\t\t\t\t<div class=\"elementor-column elementor-col-50 elementor-top-column elementor-element elementor-element-d9d39ed\" data-id=\"d9d39ed\" data-element_type=\"column\" data-e-type=\"column\">\n\t\t\t<div class=\"elementor-widget-wrap elementor-element-populated\">\n\t\t\t\t\t\t<div class=\"elementor-element elementor-element-ac4d564 elementor-widget elementor-widget-etheme_flipbox\" data-id=\"ac4d564\" data-element_type=\"widget\" data-e-type=\"widget\" data-widget_type=\"etheme_flipbox.default\">\n\t\t\t\t<div class=\"elementor-widget-container\">\n\t\t\t\t\t<span class=\"etheme-ajaxify-lazy-wrapper etheme-ajaxify-replace\" data-type=\"elementor\" data-request=\"WyJlbGVtZW50b3IiLDQwMTYsIjg1NWQxNzA0Il0=\"><\/span>\t\t\t\t<\/div>\n\t\t\t\t<\/div>\n\t\t\t\t\t<\/div>\n\t\t<\/div>\n\t\t\t\t<div class=\"elementor-column elementor-col-50 elementor-top-column elementor-element elementor-element-838be1e\" data-id=\"838be1e\" data-element_type=\"column\" data-e-type=\"column\">\n\t\t\t<div class=\"elementor-widget-wrap elementor-element-populated\">\n\t\t\t\t\t\t<div class=\"elementor-element elementor-element-69f42a8 elementor-widget elementor-widget-etheme_flipbox\" data-id=\"69f42a8\" data-element_type=\"widget\" data-e-type=\"widget\" data-widget_type=\"etheme_flipbox.default\">\n\t\t\t\t<div class=\"elementor-widget-container\">\n\t\t\t\t\t<span class=\"etheme-ajaxify-lazy-wrapper etheme-ajaxify-replace\" data-type=\"elementor\" data-request=\"WyJlbGVtZW50b3IiLDQwMTYsIjFhNjM5MjQ2Il0=\"><\/span>\t\t\t\t<\/div>\n\t\t\t\t<\/div>\n\t\t\t\t\t<\/div>\n\t\t<\/div>\n\t\t\t\t\t<\/div>\n\t\t<\/section>\n\t\t\t\t<section class=\"elementor-section elementor-top-section elementor-element elementor-element-7e6b36e elementor-section-content-middle elementor-section-stretched elementor-section-boxed elementor-section-height-default elementor-section-height-default\" data-id=\"7e6b36e\" data-element_type=\"section\" data-e-type=\"section\" data-settings=\"{&quot;stretch_section&quot;:&quot;section-stretched&quot;,&quot;background_background&quot;:&quot;classic&quot;}\">\n\t\t\t\t\t\t<div class=\"elementor-container elementor-column-gap-custom\">\n\t\t\t\t\t<div class=\"elementor-column elementor-col-50 elementor-top-column elementor-element elementor-element-11d36a1\" data-id=\"11d36a1\" data-element_type=\"column\" data-e-type=\"column\">\n\t\t\t<div class=\"elementor-widget-wrap elementor-element-populated\">\n\t\t\t\t\t\t<div class=\"elementor-element elementor-element-f294c73 elementor-widget elementor-widget-heading\" data-id=\"f294c73\" data-element_type=\"widget\" data-e-type=\"widget\" data-widget_type=\"heading.default\">\n\t\t\t\t<div class=\"elementor-widget-container\">\n\t\t\t\t\t<h2 class=\"elementor-heading-title elementor-size-default\">Nos valeurs<\/h2>\t\t\t\t<\/div>\n\t\t\t\t<\/div>\n\t\t\t\t<div class=\"elementor-element elementor-element-eff1661 elementor-widget elementor-widget-image\" data-id=\"eff1661\" data-element_type=\"widget\" data-e-type=\"widget\" data-widget_type=\"image.default\">\n\t\t\t\t<div class=\"elementor-widget-container\">\n\t\t\t\t\t\t\t\t\t\t\t\t\t\t\t<img loading=\"lazy\" loading=\"lazy\" decoding=\"async\" width=\"160\" height=\"10\" src=\"https:\/\/kerdangold.com\/wp-content\/uploads\/2023\/05\/\u0628\u0646\u0649-01-1.png\" class=\"attachment-full size-full wp-image-3142 lazyload lazyload-simple et-lazyload-fadeIn\" alt=\"\" data-src=\"https:\/\/kerdangold.com\/wp-content\/uploads\/2023\/05\/Underline.svg\" \/>\t\t\t\t\t\t\t\t\t\t\t\t\t\t\t<\/div>\n\t\t\t\t<\/div>\n\t\t\t\t<div class=\"elementor-element elementor-element-b6013f5 elementor-widget elementor-widget-text-editor\" data-id=\"b6013f5\" data-element_type=\"widget\" data-e-type=\"widget\" data-widget_type=\"text-editor.default\">\n\t\t\t\t<div class=\"elementor-widget-container\">\n\t\t\t\t\t\t\t\t\t<ul><li><strong>Authenticit\u00e9 :<\/strong> puiser dans la profondeur d\u2019une civilisation unique.<\/li><li><strong>Innovation :<\/strong> combiner les derni\u00e8res technologies \u00e0 l\u2019artisanat d\u2019excellence.<\/li><li><strong>Qualit\u00e9 :<\/strong> concevoir des pi\u00e8ces iconiques faites pour durer.<\/li><li><strong>Transparence :<\/strong> placer le client au c\u0153ur de l\u2019exp\u00e9rience, avec \u00e9quit\u00e9 et sinc\u00e9rit\u00e9.<\/li><\/ul>\t\t\t\t\t\t\t\t<\/div>\n\t\t\t\t<\/div>\n\t\t\t\t\t<\/div>\n\t\t<\/div>\n\t\t\t\t<div class=\"elementor-column elementor-col-50 elementor-top-column elementor-element elementor-element-0900dea\" data-id=\"0900dea\" data-element_type=\"column\" data-e-type=\"column\">\n\t\t\t<div class=\"elementor-widget-wrap elementor-element-populated\">\n\t\t\t\t\t\t<div class=\"elementor-element elementor-element-3abfc30 elementor-widget elementor-widget-heading\" data-id=\"3abfc30\" data-element_type=\"widget\" data-e-type=\"widget\" data-widget_type=\"heading.default\">\n\t\t\t\t<div class=\"elementor-widget-container\">\n\t\t\t\t\t<h2 class=\"elementor-heading-title elementor-size-default\">Nos garanties<\/h2>\t\t\t\t<\/div>\n\t\t\t\t<\/div>\n\t\t\t\t<div class=\"elementor-element elementor-element-6a46f4b elementor-widget elementor-widget-image\" data-id=\"6a46f4b\" data-element_type=\"widget\" data-e-type=\"widget\" data-widget_type=\"image.default\">\n\t\t\t\t<div class=\"elementor-widget-container\">\n\t\t\t\t\t\t\t\t\t\t\t\t\t\t\t<img loading=\"lazy\" loading=\"lazy\" decoding=\"async\" width=\"160\" height=\"10\" src=\"https:\/\/kerdangold.com\/wp-content\/uploads\/2023\/05\/\u0628\u0646\u0649-01-1.png\" class=\"attachment-full size-full wp-image-3142 lazyload lazyload-simple et-lazyload-fadeIn\" alt=\"\" data-src=\"https:\/\/kerdangold.com\/wp-content\/uploads\/2023\/05\/Underline.svg\" \/>\t\t\t\t\t\t\t\t\t\t\t\t\t\t\t<\/div>\n\t\t\t\t<\/div>\n\t\t\t\t<div class=\"elementor-element elementor-element-fde3bb5 elementor-widget elementor-widget-text-editor\" data-id=\"fde3bb5\" data-element_type=\"widget\" data-e-type=\"widget\" data-widget_type=\"text-editor.default\">\n\t\t\t\t<div class=\"elementor-widget-container\">\n\t\t\t\t\t\t\t\t\t<p>La confiance n\u2019est pas un slogan, mais un engagement quotidien :<\/p><ul><li><strong>Factures \u00e9lectroniques d\u00e9taill\u00e9es<\/strong> mentionnant s\u00e9par\u00e9ment poids de l\u2019or, valeur des pierres et frais de main-d\u2019\u0153uvre.<\/li><li><strong>Standards de puret\u00e9 certifi\u00e9s,<\/strong> avec des alliages sup\u00e9rieurs aux normes courantes (ex. 755 au lieu de 750), v\u00e9rifi\u00e9s par des laboratoires officiels.<\/li><li><strong>Clart\u00e9 fiscale,<\/strong> avec des transactions enregistr\u00e9es selon les derni\u00e8res r\u00e9glementations pour prot\u00e9ger pleinement les droits du client.<\/li><li><strong>Valeur pr\u00e9serv\u00e9e,<\/strong> les pierres n\u2019\u00e9tant pas comptabilis\u00e9es dans le poids de l\u2019or, garantissant un prix de revente \u00e9quitable.<\/li><\/ul>\t\t\t\t\t\t\t\t<\/div>\n\t\t\t\t<\/div>\n\t\t\t\t\t<\/div>\n\t\t<\/div>\n\t\t\t\t\t<\/div>\n\t\t<\/section>\n\t\t\t\t<section class=\"elementor-section elementor-top-section elementor-element elementor-element-3187949 elementor-section-stretched elementor-section-boxed elementor-section-height-default elementor-section-height-default\" data-id=\"3187949\" data-element_type=\"section\" data-e-type=\"section\" data-settings=\"{&quot;stretch_section&quot;:&quot;section-stretched&quot;}\">\n\t\t\t\t\t\t<div class=\"elementor-container elementor-column-gap-no\">\n\t\t\t\t\t<div class=\"elementor-column elementor-col-50 elementor-top-column elementor-element elementor-element-7d592f9\" data-id=\"7d592f9\" data-element_type=\"column\" data-e-type=\"column\">\n\t\t\t<div class=\"elementor-widget-wrap elementor-element-populated\">\n\t\t\t\t\t\t<div class=\"elementor-element elementor-element-4f54d60 elementor-widget elementor-widget-heading\" data-id=\"4f54d60\" data-element_type=\"widget\" data-e-type=\"widget\" data-widget_type=\"heading.default\">\n\t\t\t\t<div class=\"elementor-widget-container\">\n\t\t\t\t\t<h2 class=\"elementor-heading-title elementor-size-default\">Nos collections<\/h2>\t\t\t\t<\/div>\n\t\t\t\t<\/div>\n\t\t\t\t<div class=\"elementor-element elementor-element-2dde563 elementor-widget elementor-widget-image\" data-id=\"2dde563\" data-element_type=\"widget\" data-e-type=\"widget\" data-widget_type=\"image.default\">\n\t\t\t\t<div class=\"elementor-widget-container\">\n\t\t\t\t\t\t\t\t\t\t\t\t\t\t\t<img loading=\"lazy\" loading=\"lazy\" decoding=\"async\" width=\"160\" height=\"10\" src=\"https:\/\/kerdangold.com\/wp-content\/uploads\/2023\/05\/\u0628\u0646\u0649-01-1.png\" class=\"attachment-full size-full wp-image-3142 lazyload lazyload-simple et-lazyload-fadeIn\" alt=\"\" data-src=\"https:\/\/kerdangold.com\/wp-content\/uploads\/2023\/05\/Underline.svg\" \/>\t\t\t\t\t\t\t\t\t\t\t\t\t\t\t<\/div>\n\t\t\t\t<\/div>\n\t\t\t\t<div class=\"elementor-element elementor-element-896e5bd elementor-widget elementor-widget-text-editor\" data-id=\"896e5bd\" data-element_type=\"widget\" data-e-type=\"widget\" data-widget_type=\"text-editor.default\">\n\t\t\t\t<div class=\"elementor-widget-container\">\n\t\t\t\t\t\t\t\t\t<ol><li><strong>Kemet Kerdan \u2013 Ligne pharaonique :<\/strong> inspir\u00e9e de l\u2019\u00c9gypte antique et des joyaux royaux, o\u00f9 les symboles historiques se transforment en cr\u00e9ations majestueuses, incluant des pi\u00e8ces m\u00ealant h\u00e9ritage pharaonique et influences hell\u00e9niques.<\/li><li><strong>Kerdan Arabi \u2013 Ligne islamique :<\/strong> mettant en lumi\u00e8re l\u2019\u00e9l\u00e9gance spirituelle et l\u2019art raffin\u00e9 de la civilisation islamique en \u00c9gypte.<\/li><li><strong>Hammer Head \u2013 Ligne moderne :<\/strong> un hommage \u00e0 l\u2019harmonie entre corps et esprit, enrichi de pierres \u00e9nerg\u00e9tiques adapt\u00e9es \u00e0 chaque personnalit\u00e9, avec des cr\u00e9ations sign\u00e9es par des designers internationaux.<\/li><li><strong>Bariq \u2013 Ligne sur-mesure :<\/strong> un service exclusif qui transforme les croquis et id\u00e9es des clients en bijoux uniques, r\u00e9alis\u00e9s avec des technologies de pointe par nos ma\u00eetres cr\u00e9ateurs.<\/li><li><strong>Lingots Kerdan :<\/strong> or certifi\u00e9, poin\u00e7onn\u00e9 et sign\u00e9 Kerdan, disponible sous des formes innovantes (cha\u00eenes, bagues, bracelets), combinant \u00e9l\u00e9gance et investissement.<\/li><\/ol>\t\t\t\t\t\t\t\t<\/div>\n\t\t\t\t<\/div>\n\t\t\t\t\t<\/div>\n\t\t<\/div>\n\t\t\t\t<div class=\"elementor-column elementor-col-50 elementor-top-column elementor-element elementor-element-98c16c7\" data-id=\"98c16c7\" data-element_type=\"column\" data-e-type=\"column\">\n\t\t\t<div class=\"elementor-widget-wrap elementor-element-populated\">\n\t\t\t\t\t\t<div class=\"elementor-element elementor-element-0c3d1c3 elementor-widget elementor-widget-heading\" data-id=\"0c3d1c3\" data-element_type=\"widget\" data-e-type=\"widget\" data-widget_type=\"heading.default\">\n\t\t\t\t<div class=\"elementor-widget-container\">\n\t\t\t\t\t<h2 class=\"elementor-heading-title elementor-size-default\">Nos produits et services<\/h2>\t\t\t\t<\/div>\n\t\t\t\t<\/div>\n\t\t\t\t<div class=\"elementor-element elementor-element-d507068 elementor-widget elementor-widget-image\" data-id=\"d507068\" data-element_type=\"widget\" data-e-type=\"widget\" data-widget_type=\"image.default\">\n\t\t\t\t<div class=\"elementor-widget-container\">\n\t\t\t\t\t\t\t\t\t\t\t\t\t\t\t<img loading=\"lazy\" loading=\"lazy\" decoding=\"async\" width=\"160\" height=\"10\" src=\"https:\/\/kerdangold.com\/wp-content\/uploads\/2023\/05\/\u0628\u0646\u0649-01-1.png\" class=\"attachment-full size-full wp-image-3142 lazyload lazyload-simple et-lazyload-fadeIn\" alt=\"\" data-src=\"https:\/\/kerdangold.com\/wp-content\/uploads\/2023\/05\/Underline.svg\" \/>\t\t\t\t\t\t\t\t\t\t\t\t\t\t\t<\/div>\n\t\t\t\t<\/div>\n\t\t\t\t<div class=\"elementor-element elementor-element-400e8d3 elementor-widget elementor-widget-text-editor\" data-id=\"400e8d3\" data-element_type=\"widget\" data-e-type=\"widget\" data-widget_type=\"text-editor.default\">\n\t\t\t\t<div class=\"elementor-widget-container\">\n\t\t\t\t\t\t\t\t\t<ul><li>Bijoux en or haut de gamme : bagues, bracelets, colliers, parures.<\/li><li>Cr\u00e9ations en argent contemporain adapt\u00e9es \u00e0 tous les styles, des mod\u00e8les jeunes aux bagues pr\u00eates \u00e0 accueillir des diamants.<\/li><li>Service de personnalisation <em>Bariq<\/em> pour poss\u00e9der une pi\u00e8ce v\u00e9ritablement unique.<\/li><li>Services apr\u00e8s-vente : polissage, remise en \u00e9tat, garantie, ajustements.<\/li><li>Programme de fid\u00e9lit\u00e9 offrant jusqu\u2019\u00e0 100 % de r\u00e9duction sur les frais de main-d\u2019\u0153uvre gr\u00e2ce \u00e0 l\u2019accumulation de points.<\/li><\/ul>\t\t\t\t\t\t\t\t<\/div>\n\t\t\t\t<\/div>\n\t\t\t\t<div class=\"elementor-element elementor-element-b4f75e4 elementor-widget elementor-widget-heading\" data-id=\"b4f75e4\" data-element_type=\"widget\" data-e-type=\"widget\" data-widget_type=\"heading.default\">\n\t\t\t\t<div class=\"elementor-widget-container\">\n\t\t\t\t\t<h2 class=\"elementor-heading-title elementor-size-default\">Nos atouts<\/h2>\t\t\t\t<\/div>\n\t\t\t\t<\/div>\n\t\t\t\t<div class=\"elementor-element elementor-element-ad692eb elementor-widget elementor-widget-image\" data-id=\"ad692eb\" data-element_type=\"widget\" data-e-type=\"widget\" data-widget_type=\"image.default\">\n\t\t\t\t<div class=\"elementor-widget-container\">\n\t\t\t\t\t\t\t\t\t\t\t\t\t\t\t<img loading=\"lazy\" loading=\"lazy\" decoding=\"async\" width=\"160\" height=\"10\" src=\"https:\/\/kerdangold.com\/wp-content\/uploads\/2023\/05\/\u0628\u0646\u0649-01-1.png\" class=\"attachment-full size-full wp-image-3142 lazyload lazyload-simple et-lazyload-fadeIn\" alt=\"\" data-src=\"https:\/\/kerdangold.com\/wp-content\/uploads\/2023\/05\/Underline.svg\" \/>\t\t\t\t\t\t\t\t\t\t\t\t\t\t\t<\/div>\n\t\t\t\t<\/div>\n\t\t\t\t<div class=\"elementor-element elementor-element-1510c41 elementor-widget elementor-widget-text-editor\" data-id=\"1510c41\" data-element_type=\"widget\" data-e-type=\"widget\" data-widget_type=\"text-editor.default\">\n\t\t\t\t<div class=\"elementor-widget-container\">\n\t\t\t\t\t\t\t\t\t<ul><li>Transparence totale dans la tarification.<\/li><li>Conservation de la valeur des bijoux \u00e0 la revente.<\/li><li>Alliages certifi\u00e9s et contr\u00f4l\u00e9s par des laboratoires officiels.<\/li><li>Designs exclusifs mariant patrimoine \u00e9gyptien et tendances mondiales, in\u00e9dits sur le march\u00e9 local.<\/li><li>Utilisation de mat\u00e9riaux italiens et suisses haut de gamme pour nos cr\u00e9ations en argent.<\/li><\/ul>\t\t\t\t\t\t\t\t<\/div>\n\t\t\t\t<\/div>\n\t\t\t\t\t<\/div>\n\t\t<\/div>\n\t\t\t\t\t<\/div>\n\t\t<\/section>\n\t\t\t\t<section class=\"elementor-section elementor-top-section elementor-element elementor-element-798f22c elementor-section-stretched elementor-section-boxed elementor-section-height-default elementor-section-height-default\" data-id=\"798f22c\" data-element_type=\"section\" data-e-type=\"section\" data-settings=\"{&quot;stretch_section&quot;:&quot;section-stretched&quot;}\">\n\t\t\t\t\t\t<div class=\"elementor-container elementor-column-gap-custom\">\n\t\t\t\t\t<div class=\"elementor-column elementor-col-50 elementor-top-column elementor-element elementor-element-daff6d5\" data-id=\"daff6d5\" data-element_type=\"column\" data-e-type=\"column\">\n\t\t\t<div class=\"elementor-widget-wrap elementor-element-populated\">\n\t\t\t\t\t\t<div class=\"elementor-element elementor-element-de4aa8f elementor-widget elementor-widget-etheme_flipbox\" data-id=\"de4aa8f\" data-element_type=\"widget\" data-e-type=\"widget\" data-widget_type=\"etheme_flipbox.default\">\n\t\t\t\t<div class=\"elementor-widget-container\">\n\t\t\t\t\t<span class=\"etheme-ajaxify-lazy-wrapper etheme-ajaxify-replace\" data-type=\"elementor\" data-request=\"WyJlbGVtZW50b3IiLDQwMTYsIjQwYTVjNjVkIl0=\"><\/span>\t\t\t\t<\/div>\n\t\t\t\t<\/div>\n\t\t\t\t\t<\/div>\n\t\t<\/div>\n\t\t\t\t<div class=\"elementor-column elementor-col-50 elementor-top-column elementor-element elementor-element-3195966\" data-id=\"3195966\" data-element_type=\"column\" data-e-type=\"column\">\n\t\t\t<div class=\"elementor-widget-wrap elementor-element-populated\">\n\t\t\t\t\t\t<div class=\"elementor-element elementor-element-ed79800 elementor-widget elementor-widget-etheme_flipbox\" data-id=\"ed79800\" data-element_type=\"widget\" data-e-type=\"widget\" data-widget_type=\"etheme_flipbox.default\">\n\t\t\t\t<div class=\"elementor-widget-container\">\n\t\t\t\t\t<span class=\"etheme-ajaxify-lazy-wrapper etheme-ajaxify-replace\" data-type=\"elementor\" data-request=\"WyJlbGVtZW50b3IiLDQwMTYsIjFhMmFhZmNhIl0=\"><\/span>\t\t\t\t<\/div>\n\t\t\t\t<\/div>\n\t\t\t\t\t<\/div>\n\t\t<\/div>\n\t\t\t\t\t<\/div>\n\t\t<\/section>\n\t\t\t\t<\/div>\n\t\t","protected":false},"excerpt":{"rendered":"<p>Kerdan Gold \u2013 Quand l\u2019h\u00e9ritage intemporel rencontre l\u2019\u00e9l\u00e9gance contemporaine Dans un march\u00e9 satur\u00e9 de concurrents et de promesses ambigu\u00ebs, Kerdan Gold est n\u00e9e pour r\u00e9inventer&#8230;<\/p>\n","protected":false},"author":1,"featured_media":0,"parent":0,"menu_order":0,"comment_status":"closed","ping_status":"closed","template":"","meta":{"footnotes":""},"class_list":["post-4016","page","type-page","status-publish","hentry"],"pure_taxonomies":[],"_links":{"self":[{"href":"https:\/\/kerdangold.com\/fr\/wp-json\/wp\/v2\/pages\/4016","targetHints":{"allow":["GET"]}}],"collection":[{"href":"https:\/\/kerdangold.com\/fr\/wp-json\/wp\/v2\/pages"}],"about":[{"href":"https:\/\/kerdangold.com\/fr\/wp-json\/wp\/v2\/types\/page"}],"author":[{"embeddable":true,"href":"https:\/\/kerdangold.com\/fr\/wp-json\/wp\/v2\/users\/1"}],"replies":[{"embeddable":true,"href":"https:\/\/kerdangold.com\/fr\/wp-json\/wp\/v2\/comments?post=4016"}],"version-history":[{"count":9,"href":"https:\/\/kerdangold.com\/fr\/wp-json\/wp\/v2\/pages\/4016\/revisions"}],"predecessor-version":[{"id":5082,"href":"https:\/\/kerdangold.com\/fr\/wp-json\/wp\/v2\/pages\/4016\/revisions\/5082"}],"wp:attachment":[{"href":"https:\/\/kerdangold.com\/fr\/wp-json\/wp\/v2\/media?parent=4016"}],"curies":[{"name":"wp","href":"https:\/\/api.w.org\/{rel}","templated":true}]}}